{"id":943,"date":"2022-11-08T16:11:22","date_gmt":"2022-11-08T16:11:22","guid":{"rendered":"https:\/\/www.confabitarevarese.org\/?page_id=943"},"modified":"2024-05-07T16:47:22","modified_gmt":"2024-05-07T16:47:22","slug":"i-contratti-ad-uso-turistico","status":"publish","type":"page","link":"https:\/\/www.confabitarevarese.org\/index.php\/i-contratti-ad-uso-turistico\/","title":{"rendered":"I CONTRATTI AD USO TURISTICO"},"content":{"rendered":"\t\t<div data-elementor-type=\"wp-page\" data-elementor-id=\"943\" class=\"elementor elementor-943\">\n\t\t\t\t\t\t<section class=\"elementor-section elementor-top-section elementor-element elementor-element-d328566 elementor-section-boxed elementor-section-height-default elementor-section-height-default\" data-id=\"d328566\" data-element_type=\"section\" data-e-type=\"section\">\n\t\t\t\t\t\t<div class=\"elementor-container elementor-column-gap-default\">\n\t\t\t\t\t<div class=\"elementor-column elementor-col-100 elementor-top-column elementor-element elementor-element-64dd583\" data-id=\"64dd583\" data-element_type=\"column\" data-e-type=\"column\">\n\t\t\t<div class=\"elementor-widget-wrap elementor-element-populated\">\n\t\t\t\t\t\t<div class=\"elementor-element elementor-element-35a3496 elementor-widget elementor-widget-text-editor\" data-id=\"35a3496\" data-element_type=\"widget\" data-e-type=\"widget\" data-widget_type=\"text-editor.default\">\n\t\t\t\t<div class=\"elementor-widget-container\">\n\t\t\t\t\t\t\t\t\t<p class=\"MsoNormal\" style=\"margin: 0cm; font-size: 12pt; font-family: 'Times New Roman', serif; color: #000000; text-align: justify;\"><span style=\"font-size: 18pt; color: #0c0c0f; background-image: initial; background-position: initial; background-size: initial; background-repeat: initial; background-attachment: initial; background-origin: initial; background-clip: initial;\">Il contratto di locazione per finalit\u00e0 turistiche \u00e8 propedeutico alla soddisfazione di esigenze abitative legate al turismo e alle vacanze. La finalit\u00e0 turistica deve emergere ovviamente dal contratto. La durata pu\u00f2 essere liberamente determinata dalle parti, decorso il termine convenuto, la locazione cessa senza necessit\u00e0 di comunicare la disdetta.<\/span><\/p>\t\t\t\t\t\t\t\t<\/div>\n\t\t\t\t<\/div>\n\t\t\t\t\t<\/div>\n\t\t<\/div>\n\t\t\t\t\t<\/div>\n\t\t<\/section>\n\t\t\t\t<section class=\"elementor-section elementor-top-section elementor-element elementor-element-160c34d elementor-section-boxed elementor-section-height-default elementor-section-height-default\" data-id=\"160c34d\" data-element_type=\"section\" data-e-type=\"section\">\n\t\t\t\t\t\t<div class=\"elementor-container elementor-column-gap-default\">\n\t\t\t\t\t<div class=\"elementor-column elementor-col-100 elementor-top-column elementor-element elementor-element-1995108\" data-id=\"1995108\" data-element_type=\"column\" data-e-type=\"column\">\n\t\t\t<div class=\"elementor-widget-wrap elementor-element-populated\">\n\t\t\t\t\t\t<div class=\"elementor-element elementor-element-7f0ef1d elementor-widget elementor-widget-heading\" data-id=\"7f0ef1d\" data-element_type=\"widget\" data-e-type=\"widget\" data-widget_type=\"heading.default\">\n\t\t\t\t<div class=\"elementor-widget-container\">\n\t\t\t\t\t<h2 class=\"elementor-heading-title elementor-size-default\"><p class=\"MsoNormal\" align=\"center\" style=\"margin: 0cm;font-size: 12pt;, serif;white-space: normal;text-align: center;background-image: initial;background-position: initial;background-size: initial;background-repeat: initial;background-attachment: initial\"><b><span style=\"font-size: 27pt;font-family: Roboto;letter-spacing: 0.1pt;background: lime\">PROSPETTO RIASSUNTIVO<\/span><\/b><b><span style=\"font-size: 27pt;font-family: Roboto;letter-spacing: 0.1pt\"><\/span><\/b><\/p><\/h2>\t\t\t\t<\/div>\n\t\t\t\t<\/div>\n\t\t\t\t\t<\/div>\n\t\t<\/div>\n\t\t\t\t\t<\/div>\n\t\t<\/section>\n\t\t\t\t<section class=\"elementor-section elementor-top-section elementor-element elementor-element-59b32be elementor-section-boxed elementor-section-height-default elementor-section-height-default\" data-id=\"59b32be\" data-element_type=\"section\" data-e-type=\"section\">\n\t\t\t\t\t\t<div class=\"elementor-container elementor-column-gap-default\">\n\t\t\t\t\t<div class=\"elementor-column elementor-col-100 elementor-top-column elementor-element elementor-element-0619311\" data-id=\"0619311\" data-element_type=\"column\" data-e-type=\"column\">\n\t\t\t<div class=\"elementor-widget-wrap elementor-element-populated\">\n\t\t\t\t\t\t<div class=\"elementor-element elementor-element-9dd1c29 elementor-widget elementor-widget-text-editor\" data-id=\"9dd1c29\" data-element_type=\"widget\" data-e-type=\"widget\" data-widget_type=\"text-editor.default\">\n\t\t\t\t<div class=\"elementor-widget-container\">\n\t\t\t\t\t\t\t\t\t<p class=\"MsoNormal\" style=\"margin: 0cm; font-size: 12pt; font-family: 'Times New Roman', serif; color: #000000; text-align: center; background-image: initial; background-position: initial; background-size: initial; background-repeat: initial; background-attachment: initial; background-origin: initial; background-clip: initial;\" align=\"center\"><b><span style=\"font-size: 27pt; font-family: Roboto; color: red; letter-spacing: 0.1pt; background: yellow;\">CONTRATTI DI LOCAZIONE PER FINALITA\u2019 TURISTICHE<\/span><\/b><b><\/b><\/p><table class=\"MsoNormalTable\" style=\"width: 769px; background-image: initial; background-position: initial; background-size: initial; background-repeat: initial; background-attachment: initial; background-origin: initial; background-clip: initial; border: initial none initial;\" border=\"1\" width=\"100%\" cellspacing=\"0\" cellpadding=\"0\"><tbody><tr><td style=\"width: 370.531px; border: 1pt solid #cccccc; padding: 3pt 4.5pt;\" width=\"50%\"><p class=\"MsoNormal\" style=\"margin: 0cm; font-size: 12pt; font-family: 'Times New Roman', serif;\"><b><span style=\"font-size: 13.5pt; font-family: 'PT Serif', serif; color: #666666; letter-spacing: 0.1pt;\">PREVISIONE LEGISLATIVA<\/span><\/b><\/p><\/td><td style=\"width: 370.531px; border-top: 1pt solid #cccccc; border-right: 1pt solid #cccccc; border-bottom: 1pt solid #cccccc; border-image: initial; border-left: none; padding: 3pt 4.5pt;\" width=\"50%\"><p class=\"MsoNormal\" style=\"margin: 0cm; font-size: 12pt; font-family: 'Times New Roman', serif;\"><span lang=\"EN-US\" style=\"font-size: 13.5pt; font-family: 'PT Serif', serif; color: #666666; letter-spacing: 0.1pt;\">art. 53, D.Lgs. n. 79\/2011; art. 1, comma 1, lett. <\/span><span style=\"font-size: 13.5pt; font-family: 'PT Serif', serif; color: #666666; letter-spacing: 0.1pt;\">C, L. n. 431\/1998<\/span><\/p><\/td><\/tr><tr><td style=\"width: 370.531px; border-right: 1pt solid #cccccc; border-bottom: 1pt solid #cccccc; border-left: 1pt solid #cccccc; border-image: initial; border-top: none; padding: 3pt 4.5pt;\" width=\"50%\"><p class=\"MsoNormal\" style=\"margin: 0cm; font-size: 12pt; font-family: 'Times New Roman', serif;\"><b><span style=\"font-size: 13.5pt; font-family: 'PT Serif', serif; color: #666666; letter-spacing: 0.1pt;\">NORMATIVA DI RIFERIMENTO<\/span><\/b><\/p><\/td><td style=\"width: 370.531px; border-top: none; border-left: none; border-bottom: 1pt solid #cccccc; border-right: 1pt solid #cccccc; padding: 3pt 4.5pt;\" width=\"50%\"><p class=\"MsoNormal\" style=\"margin: 0cm; font-size: 12pt; font-family: 'Times New Roman', serif;\"><span style=\"font-size: 13.5pt; font-family: 'PT Serif', serif; color: #666666; letter-spacing: 0.1pt;\">artt. 1571 e ss. del codice civile<\/span><\/p><\/td><\/tr><tr><td style=\"width: 370.531px; border-right: 1pt solid #cccccc; border-bottom: 1pt solid #cccccc; border-left: 1pt solid #cccccc; border-image: initial; border-top: none; padding: 3pt 4.5pt;\" width=\"50%\"><p class=\"MsoNormal\" style=\"margin: 0cm; font-size: 12pt; font-family: 'Times New Roman', serif;\"><b><span style=\"font-size: 13.5pt; font-family: 'PT Serif', serif; color: #666666; letter-spacing: 0.1pt;\">MODELLO DI CONTRATTO<\/span><\/b><\/p><\/td><td style=\"width: 370.531px; border-top: none; border-left: none; border-bottom: 1pt solid #cccccc; border-right: 1pt solid #cccccc; padding: 3pt 4.5pt;\" width=\"50%\"><p class=\"MsoNormal\" style=\"margin: 0cm; font-size: 12pt; font-family: 'Times New Roman', serif;\"><span style=\"font-size: 13.5pt; font-family: 'PT Serif', serif; color: #666666; letter-spacing: 0.1pt;\">liberamente negoziabile tra le parti<\/span><\/p><\/td><\/tr><tr><td style=\"width: 370.531px; border-right: 1pt solid #cccccc; border-bottom: 1pt solid #cccccc; border-left: 1pt solid #cccccc; border-image: initial; border-top: none; padding: 3pt 4.5pt;\" width=\"50%\"><p class=\"MsoNormal\" style=\"margin: 0cm; font-size: 12pt; font-family: 'Times New Roman', serif;\"><b><span style=\"font-size: 13.5pt; font-family: 'PT Serif', serif; color: #666666; letter-spacing: 0.1pt;\">APPLICABILITA\u2019<\/span><\/b><\/p><\/td><td style=\"width: 370.531px; border-top: none; border-left: none; border-bottom: 1pt solid #cccccc; border-right: 1pt solid #cccccc; padding: 3pt 4.5pt;\" width=\"50%\"><p class=\"MsoNormal\" style=\"margin: 0cm; font-size: 12pt; font-family: 'Times New Roman', serif;\"><span style=\"font-size: 13.5pt; font-family: 'PT Serif', serif; color: #666666; letter-spacing: 0.1pt;\">per esigenze di tipo turistico-vacanziero<\/span><\/p><\/td><\/tr><tr><td style=\"width: 370.531px; border-right: 1pt solid #cccccc; border-bottom: 1pt solid #cccccc; border-left: 1pt solid #cccccc; border-image: initial; border-top: none; padding: 3pt 4.5pt;\" width=\"50%\"><p class=\"MsoNormal\" style=\"margin: 0cm; font-size: 12pt; font-family: 'Times New Roman', serif;\"><b><span style=\"font-size: 13.5pt; font-family: 'PT Serif', serif; color: #666666; letter-spacing: 0.1pt;\">CANONE<\/span><\/b><\/p><\/td><td style=\"width: 370.531px; border-top: none; border-left: none; border-bottom: 1pt solid #cccccc; border-right: 1pt solid #cccccc; padding: 3pt 4.5pt;\" width=\"50%\"><p class=\"MsoNormal\" style=\"margin: 0cm; font-size: 12pt; font-family: 'Times New Roman', serif;\"><span style=\"font-size: 13.5pt; font-family: 'PT Serif', serif; color: #666666; letter-spacing: 0.1pt;\">liberamente concordabile dalle parti<\/span><\/p><\/td><\/tr><tr><td style=\"width: 370.531px; border-right: 1pt solid #cccccc; border-bottom: 1pt solid #cccccc; border-left: 1pt solid #cccccc; border-image: initial; border-top: none; padding: 3pt 4.5pt;\" width=\"50%\"><p class=\"MsoNormal\" style=\"margin: 0cm; font-size: 12pt; font-family: 'Times New Roman', serif;\"><b><span style=\"font-size: 13.5pt; font-family: 'PT Serif', serif; color: #666666; letter-spacing: 0.1pt;\">DURATA<\/span><\/b><span style=\"font-size: 13.5pt; font-family: 'PT Serif', serif; color: #666666; letter-spacing: 0.1pt;\">\u00a0<b>DEL CONTRATTO<\/b><\/span><\/p><\/td><td style=\"width: 370.531px; border-top: none; border-left: none; border-bottom: 1pt solid #cccccc; border-right: 1pt solid #cccccc; padding: 3pt 4.5pt;\" width=\"50%\"><p class=\"MsoNormal\" style=\"margin: 0cm; font-size: 12pt; font-family: 'Times New Roman', serif;\"><span style=\"font-size: 13.5pt; font-family: 'PT Serif', serif; color: #666666; letter-spacing: 0.1pt;\">libera<\/span><\/p><\/td><\/tr><tr><td style=\"width: 370.531px; border-right: 1pt solid #cccccc; border-bottom: 1pt solid #cccccc; border-left: 1pt solid #cccccc; border-image: initial; border-top: none; padding: 3pt 4.5pt;\" width=\"50%\"><p class=\"MsoNormal\" style=\"margin: 0cm; font-size: 12pt; font-family: 'Times New Roman', serif;\"><b><span style=\"font-size: 13.5pt; font-family: 'PT Serif', serif; color: #666666; letter-spacing: 0.1pt;\">ONERI ACCESSORI<\/span><\/b><\/p><\/td><td style=\"width: 370.531px; border-top: none; border-left: none; border-bottom: 1pt solid #cccccc; border-right: 1pt solid #cccccc; padding: 3pt 4.5pt;\" width=\"50%\"><p class=\"MsoNormal\" style=\"margin: 0cm; font-size: 12pt; font-family: 'Times New Roman', serif;\"><span style=\"font-size: 13.5pt; font-family: 'PT Serif', serif; color: #666666; letter-spacing: 0.1pt;\">\u00e8 consigliabile fare rifermento nel contratto alla Tabella di cui al Decreto Ministeriale 16\/1\/2017 (Allegato D)<\/span><\/p><\/td><\/tr><tr><td style=\"width: 370.531px; border-right: 1pt solid #cccccc; border-bottom: 1pt solid #cccccc; border-left: 1pt solid #cccccc; border-image: initial; border-top: none; padding: 3pt 4.5pt;\" width=\"50%\"><p class=\"MsoNormal\" style=\"margin: 0cm; font-size: 12pt; font-family: 'Times New Roman', serif;\"><b><span style=\"font-size: 13.5pt; font-family: 'PT Serif', serif; color: #666666; letter-spacing: 0.1pt;\">STIPULABILI<\/span><\/b><\/p><\/td><td style=\"width: 370.531px; border-top: none; border-left: none; border-bottom: 1pt solid #cccccc; border-right: 1pt solid #cccccc; padding: 3pt 4.5pt;\" width=\"50%\"><p class=\"MsoNormal\" style=\"margin: 0cm; font-size: 12pt; font-family: 'Times New Roman', serif;\"><span style=\"font-size: 13.5pt; font-family: 'PT Serif', serif; color: #666666; letter-spacing: 0.1pt;\">in tutti i Comuni del territorio italiano<\/span><\/p><\/td><\/tr><tr><td style=\"width: 370.531px; border-right: 1pt solid #cccccc; border-bottom: 1pt solid #cccccc; border-left: 1pt solid #cccccc; border-image: initial; border-top: none; padding: 3pt 4.5pt;\" width=\"50%\"><p class=\"MsoNormal\" style=\"margin: 0cm; font-size: 12pt; font-family: 'Times New Roman', serif;\"><b><span style=\"font-size: 13.5pt; font-family: 'PT Serif', serif; color: #666666; letter-spacing: 0.1pt;\">AGEVOLAZIONI FISCALI<\/span><\/b><\/p><\/td><td style=\"width: 370.531px; border-top: none; border-left: none; border-bottom: 1pt solid #cccccc; border-right: 1pt solid #cccccc; padding: 3pt 4.5pt;\" width=\"50%\"><p class=\"MsoNormal\" style=\"margin: 0cm; font-size: 12pt; font-family: 'Times New Roman', serif;\"><span style=\"font-size: 13.5pt; font-family: 'PT Serif', serif; color: #666666; letter-spacing: 0.1pt;\">nessuna<\/span><\/p><\/td><\/tr><tr><td style=\"width: 370.531px; border-right: 1pt solid #cccccc; border-bottom: 1pt solid #cccccc; border-left: 1pt solid #cccccc; border-image: initial; border-top: none; padding: 3pt 4.5pt;\" width=\"50%\"><p class=\"MsoNormal\" style=\"margin: 0cm; font-size: 12pt; font-family: 'Times New Roman', serif;\"><b><span style=\"font-size: 13.5pt; font-family: 'PT Serif', serif; color: #666666; letter-spacing: 0.1pt;\">REGIME FISCALE<\/span><\/b><\/p><\/td><td style=\"width: 370.531px; border-top: none; border-left: none; border-bottom: 1pt solid #cccccc; border-right: 1pt solid #cccccc; padding: 3pt 4.5pt;\" width=\"50%\"><p class=\"MsoNormal\" style=\"margin: 0cm; font-size: 12pt; font-family: 'Times New Roman', serif;\"><span style=\"font-size: 13.5pt; font-family: 'PT Serif', serif; color: #666666; letter-spacing: 0.1pt;\">il locatore pu\u00f2 optare per il regime della \u201ccedolare secca\u201d se ricorrono i presupposti, diversamente si applica il \u201cregime ordinario\u201d; per le locazioni turistiche brevi (di durata non superiore a 30 giorni) si applica la cedolare secca e se il contratto \u00e8 concluso da un intermediario, questi agisce da sostituto d\u2019imposta<\/span><\/p><\/td><\/tr><tr><td style=\"width: 370.531px; border-right: 1pt solid #cccccc; border-bottom: 1pt solid #cccccc; border-left: 1pt solid #cccccc; border-image: initial; border-top: none; padding: 3pt 4.5pt;\" width=\"50%\"><p class=\"MsoNormal\" style=\"margin: 0cm; font-size: 12pt; font-family: 'Times New Roman', serif;\"><b><span style=\"font-size: 13.5pt; font-family: 'PT Serif', serif; color: #666666; letter-spacing: 0.1pt;\">ALLEGATI OBBLIGATORI<\/span><\/b><\/p><\/td><td style=\"width: 370.531px; border-top: none; border-left: none; border-bottom: 1pt solid #cccccc; border-right: 1pt solid #cccccc; padding: 3pt 4.5pt;\" width=\"50%\"><p class=\"MsoNormal\" style=\"margin: 0cm; font-size: 12pt; font-family: 'Times New Roman', serif;\"><span style=\"font-size: 13.5pt; font-family: 'PT Serif', serif; color: #666666; letter-spacing: 0.1pt;\">attestazione di prestazione energetica dell\u2019immobile<\/span><\/p><\/td><\/tr><\/tbody><\/table><p class=\"MsoNormal\" style=\"margin: 0cm; font-size: 12pt; font-family: 'Times New Roman', serif; color: #000000;\">\u00a0<\/p>\t\t\t\t\t\t\t\t<\/div>\n\t\t\t\t<\/div>\n\t\t\t\t\t<\/div>\n\t\t<\/div>\n\t\t\t\t\t<\/div>\n\t\t<\/section>\n\t\t\t\t<section class=\"elementor-section elementor-top-section elementor-element elementor-element-c6eb3cd elementor-section-boxed elementor-section-height-default elementor-section-height-default\" data-id=\"c6eb3cd\" data-element_type=\"section\" data-e-type=\"section\">\n\t\t\t\t\t\t<div class=\"elementor-container elementor-column-gap-default\">\n\t\t\t\t\t<div class=\"elementor-column elementor-col-100 elementor-top-column elementor-element elementor-element-b83e9ab\" data-id=\"b83e9ab\" data-element_type=\"column\" data-e-type=\"column\">\n\t\t\t<div class=\"elementor-widget-wrap elementor-element-populated\">\n\t\t\t\t\t\t<div class=\"elementor-element elementor-element-9f4fd43 elementor-widget elementor-widget-spacer\" data-id=\"9f4fd43\" data-element_type=\"widget\" data-e-type=\"widget\" data-widget_type=\"spacer.default\">\n\t\t\t\t<div class=\"elementor-widget-container\">\n\t\t\t\t\t\t\t<div class=\"elementor-spacer\">\n\t\t\t<div class=\"elementor-spacer-inner\"><\/div>\n\t\t<\/div>\n\t\t\t\t\t\t<\/div>\n\t\t\t\t<\/div>\n\t\t\t\t<div class=\"elementor-element elementor-element-0afa22b elementor-widget elementor-widget-heading\" data-id=\"0afa22b\" data-element_type=\"widget\" data-e-type=\"widget\" data-widget_type=\"heading.default\">\n\t\t\t\t<div class=\"elementor-widget-container\">\n\t\t\t\t\t<h2 class=\"elementor-heading-title elementor-size-default\"><p class=\"MsoNormal\" align=\"center\" style=\"margin: 0cm;font-size: 12pt;, serif;white-space: normal;text-align: center\"><span style=\"font-size: 26pt;color: red;background: yellow\">DIVENTA SOCIO, COMPILA IL MODULO E<\/span><\/p><span style=\"background-color: yellow;color: red;font-size: 26pt;, serif;text-align: center;white-space: normal\">CHIAMACI SENZA IMPEGNO<\/span><\/h2>\t\t\t\t<\/div>\n\t\t\t\t<\/div>\n\t\t\t\t\t<\/div>\n\t\t<\/div>\n\t\t\t\t\t<\/div>\n\t\t<\/section>\n\t\t\t\t<section class=\"elementor-section elementor-top-section elementor-element elementor-element-c4dc7df elementor-section-boxed elementor-section-height-default elementor-section-height-default\" data-id=\"c4dc7df\" data-element_type=\"section\" data-e-type=\"section\">\n\t\t\t\t\t\t<div class=\"elementor-container elementor-column-gap-default\">\n\t\t\t\t\t<div class=\"elementor-column elementor-col-100 elementor-top-column elementor-element elementor-element-ad9abff\" data-id=\"ad9abff\" data-element_type=\"column\" data-e-type=\"column\">\n\t\t\t<div class=\"elementor-widget-wrap elementor-element-populated\">\n\t\t\t\t\t\t<div class=\"elementor-element elementor-element-5fb0082 elementor-align-center elementor-widget elementor-widget-button\" data-id=\"5fb0082\" data-element_type=\"widget\" data-e-type=\"widget\" data-widget_type=\"button.default\">\n\t\t\t\t<div class=\"elementor-widget-container\">\n\t\t\t\t\t\t\t\t\t<div class=\"elementor-button-wrapper\">\n\t\t\t\t\t<a class=\"elementor-button elementor-button-link elementor-size-xl\" href=\"https:\/\/gestionale.asso360.it\/MTE2Mjk=\/soci\/iscriviti\" target=\"_blank\">\n\t\t\t\t\t\t<span class=\"elementor-button-content-wrapper\">\n\t\t\t\t\t\t\t\t\t<span class=\"elementor-button-text\">COMPILA IL MODULO<\/span>\n\t\t\t\t\t<\/span>\n\t\t\t\t\t<\/a>\n\t\t\t\t<\/div>\n\t\t\t\t\t\t\t\t<\/div>\n\t\t\t\t<\/div>\n\t\t\t\t\t<\/div>\n\t\t<\/div>\n\t\t\t\t\t<\/div>\n\t\t<\/section>\n\t\t\t\t<\/div>\n\t\t","protected":false},"excerpt":{"rendered":"<p>Il contratto di locazione per finalit\u00e0 turistiche \u00e8 propedeutico alla soddisfazione di esigenze abitative legate al turismo e alle vacanze. La finalit\u00e0 turistica deve emergere ovviamente dal contratto. La durata &hellip; <\/p>\n","protected":false},"author":1,"featured_media":0,"parent":0,"menu_order":0,"comment_status":"closed","ping_status":"closed","template":"","meta":{"footnotes":""},"class_list":["post-943","page","type-page","status-publish","hentry","fadeIn","image-hover-transition-effect","latest_post"],"_links":{"self":[{"href":"https:\/\/www.confabitarevarese.org\/index.php\/wp-json\/wp\/v2\/pages\/943","targetHints":{"allow":["GET"]}}],"collection":[{"href":"https:\/\/www.confabitarevarese.org\/index.php\/wp-json\/wp\/v2\/pages"}],"about":[{"href":"https:\/\/www.confabitarevarese.org\/index.php\/wp-json\/wp\/v2\/types\/page"}],"author":[{"embeddable":true,"href":"https:\/\/www.confabitarevarese.org\/index.php\/wp-json\/wp\/v2\/users\/1"}],"replies":[{"embeddable":true,"href":"https:\/\/www.confabitarevarese.org\/index.php\/wp-json\/wp\/v2\/comments?post=943"}],"version-history":[{"count":7,"href":"https:\/\/www.confabitarevarese.org\/index.php\/wp-json\/wp\/v2\/pages\/943\/revisions"}],"predecessor-version":[{"id":1223,"href":"https:\/\/www.confabitarevarese.org\/index.php\/wp-json\/wp\/v2\/pages\/943\/revisions\/1223"}],"wp:attachment":[{"href":"https:\/\/www.confabitarevarese.org\/index.php\/wp-json\/wp\/v2\/media?parent=943"}],"curies":[{"name":"wp","href":"https:\/\/api.w.org\/{rel}","templated":true}]}}