{"id":3,"date":"2022-10-18T10:34:05","date_gmt":"2022-10-18T10:34:05","guid":{"rendered":"https:\/\/www.confabitarevarese.org\/?page_id=3"},"modified":"2022-10-24T14:10:16","modified_gmt":"2022-10-24T14:10:16","slug":"privacy-policy","status":"publish","type":"page","link":"https:\/\/www.confabitarevarese.org\/index.php\/privacy-policy\/","title":{"rendered":"Privacy Policy"},"content":{"rendered":"\r\n<p>Privacy Policy<\/p>\r\n\r\n\r\n\r\n<p class=\"has-small-font-size\"><strong>Privacy policy<\/strong><\/p>\r\n\r\n\r\n\r\n<p class=\"has-small-font-size\">La presente informativa ha valore anche ai fini dell\u2019art. 13 del D.Lgs 196\/2003 e dell\u2019art. 13 del Reg. UE 2016\/679 (GDPR), relativo alla protezione delle persone fisiche con riguardo al trattamento dei dati personali, nonch\u00e9 alla libera circolazione dei dati stessi, valevole per i soggetti che, a qualsiasi titolo, interagiscano con Confabitare della Provincia di Varese.<\/p>\r\n\r\n\r\n\r\n<p class=\"has-small-font-size\">L\u2019informativa \u00e8 resa solo per Confabitare della Provincia di Varese e il relativo sito web e non anche per altri siti web eventualmente consultati dall\u2019utente tramite link in esso contenuti. Se l\u2019utente ha meno di 16 anni, ai sensi dell\u2019art. 8, comma 1, del Reg. UE 2016\/679, dovr\u00e0 legittimare il suo consenso attraverso l\u2019autorizzazione dei genitori o di chi ne fa le veci.<\/p>\r\n\r\n\r\n\r\n<p class=\"has-small-font-size\"><strong>Il \u201ctitolare\u201d del trattamento<\/strong><\/p>\r\n\r\n\r\n\r\n<p class=\"has-small-font-size\">A seguito della consultazione di questo sito potrebbero essere trattati dati relativi a persone identificate o identificabili. Il \u201cTitolare\u201d del loro trattamento \u00e8 lo Confabitare della Provincia di Varese, che ha sede legale in Gallarate (VA), Via Enrico Fermi n\u00b0 3.<\/p>\r\n\r\n\r\n\r\n<p class=\"has-small-font-size\"><strong>Luogo di trattamento dei dati<\/strong><\/p>\r\n\r\n\r\n\r\n<p class=\"has-small-font-size\">I trattamenti connessi ai servizi web di questo sito hanno luogo presso la sede di Gallarate (VA) di Confabitare della Provincia di Varese e sono curati solo da personale incaricato del trattamento, oppure da Incaricati specialisti per operazioni di manutenzione.<\/p>\r\n\r\n\r\n\r\n<p class=\"has-small-font-size\"><strong>Tipi di dati trattati<\/strong><\/p>\r\n\r\n\r\n\r\n<p class=\"has-small-font-size\"><strong>Dati di navigazione<\/strong><\/p>\r\n\r\n\r\n\r\n<p class=\"has-small-font-size\">I sistemi informatici e le procedure software preposte al funzionamento di questo sito web acquisiscono, nel corso del loro normale esercizio, alcuni dati personali la cui trasmissione \u00e8 implicita nell\u2019uso dei protocolli di comunicazione di Internet. Si tratta di informazioni che non sono raccolte per essere associate a interessati identificati, ma che per loro stessa natura potrebbero, attraverso elaborazioni ed associazioni con dati detenuti da terzi, permettere di identificare gli utenti. In questa categoria di dati rientrano gli indirizzi IP o i nomi a dominio dei computer utilizzati dagli utenti che si connettono al sito, gli indirizzi in notazione URI (Uniform Resource Identifier) delle risorse richieste, l\u2019orario della richiesta, il metodo utilizzato nel sottoporre la richiesta al server, la dimensione del file ottenuto in risposta, il codice numerico indicante lo stato della risposta data dal server (buon fine, errore, ecc.) ed altri parametri relativi al sistema operativo e all\u2019ambiente informatico dell\u2019utente.<\/p>\r\n\r\n\r\n\r\n<p class=\"has-small-font-size\">Questi dati vengono utilizzati al solo fine di ricavare informazioni statistiche anonime sull\u2019uso del sito e per controllarne il corretto funzionamento e vengono cancellati immediatamente dopo l\u2019elaborazione. I dati potrebbero essere utilizzati per l\u2019accertamento di responsabilit\u00e0 in caso di ipotetici reati informatici ai danni del sito: salva questa eventualit\u00e0, allo stato i dati sui contatti web non persistono per pi\u00f9 di sette giorni.<\/p>\r\n\r\n\r\n\r\n<p class=\"has-small-font-size\"><strong>Dati forniti volontariamente dall\u2019utente<\/strong><\/p>\r\n\r\n\r\n\r\n<p class=\"has-small-font-size\">L\u2019invio facoltativo, esplicito e volontario di posta elettronica agli indirizzi indicati su questo sito comporta la successiva acquisizione dell\u2019indirizzo del mittente, necessario per rispondere alle richieste, nonch\u00e9 degli eventuali altri dati personali inseriti nella missiva. Specifiche informative di sintesi verranno progressivamente riportate o visualizzate nelle pagine del sito predisposte per particolari servizi a richiesta.<\/p>\r\n\r\n\r\n\r\n<p class=\"has-small-font-size\"><strong>Cookies<\/strong><\/p>\r\n\r\n\r\n\r\n<p class=\"has-small-font-size\">Nessun dato personale degli utenti viene in proposito acquisito dal sito.<\/p>\r\n\r\n\r\n\r\n<p class=\"has-small-font-size\">Non viene fatto uso di cookies per la trasmissione di informazioni di carattere personale, n\u00e9 vengono utilizzati c.d. cookies persistenti di alcun tipo, ovvero sistemi per il tracciamento degli utenti.<\/p>\r\n\r\n\r\n\r\n<p class=\"has-small-font-size\">L\u2019uso di c.d. cookies di sessione (che non vengono memorizzati in modo persistente sul computer dell\u2019utente e svaniscono con la chiusura del browser) \u00e8 strettamente limitato alla trasmissione di identificativi di sessione (costituiti da numeri casuali generati dal server) necessari per consentire l\u2019esplorazione sicura ed efficiente del sito. I c.d. cookies di sessione utilizzati in questo sito evitano il ricorso ad altre tecniche informatiche potenzialmente pregiudizievoli per la riservatezza della navigazione degli utenti e non consentono l\u2019acquisizione di dati personali identificativi dell\u2019utente.<\/p>\r\n\r\n\r\n\r\n<p class=\"has-small-font-size\">Comunque, qualora l\u2019utente non desideri ricevere alcun tipo di cookie sul proprio elaboratore, n\u00e9 dal sito di Confabitare della Provincia di Varese n\u00e9 da altri, pu\u00f2 elevare il livello di protezione privacy del proprio browser mediante l\u2019apposita funzione.<\/p>\r\n\r\n\r\n\r\n<p class=\"has-small-font-size\">Confabitare della Provincia di Varese ricorda che, in base al nuovo Regolamento UE 2016\/679 (GDPR) esiste il diritto di chiedere in qualsiasi momento a chi fa uso di tali soluzioni la cancellazione delle informazioni raccolte tramite cookies.<\/p>\r\n\r\n\r\n\r\n<p class=\"has-small-font-size\"><strong>Facoltativit\u00e0 del conferimento dei dati<\/strong><\/p>\r\n\r\n\r\n\r\n<p class=\"has-small-font-size\">A parte quanto specificato per i dati di navigazione, l\u2019utente \u00e8 libero di fornire i dati personali riportati nei moduli di richiesta o comunque indicati, per sollecitare l\u2019invio di materiale informativo o di altre comunicazioni. Il loro mancato conferimento pu\u00f2 comportare l\u2019impossibilit\u00e0 di ottenere quanto richiesto.<\/p>\r\n\r\n\r\n\r\n<p class=\"has-small-font-size\"><strong>Modalit\u00e0 del trattamento<\/strong><\/p>\r\n\r\n\r\n\r\n<p class=\"has-small-font-size\">I dati personali sono trattati con strumenti automatizzati per il tempo strettamente necessario a conseguire gli scopi per cui sono stati raccolti. Specifiche misure di sicurezza sono osservate per prevenire la perdita dei dati, usi illeciti o non corretti ed accessi non autorizzati. Confabitare della Provincia di Varese ha adottato tutte le misure minime di sicurezza previste dalla legge, ispirandosi ai principali standard internazionali, ha inoltre adottato misure di sicurezza ulteriori per ridurre al minimo i rischi afferenti la riservatezza, la disponibilit\u00e0 e l\u2019integrit\u00e0 dei dati personali raccolti e trattati.<\/p>\r\n\r\n\r\n\r\n<p class=\"has-small-font-size\"><strong>Condivisione, comunicazione e diffusione dei dati<\/strong><\/p>\r\n\r\n\r\n\r\n<p class=\"has-small-font-size\">I dati raccolti potranno essere trasferiti o comunicati alle altre sedi di Confabitare della Provincia di Varese per attivit\u00e0 strettamente connesse e strumentali alle finalit\u00e0 per cui i dati sono stati raccolti (quali l\u2019operativit\u00e0 del servizio Internet, la gestione del sistema informatico e telematico, ovvero per trattamenti effettuati dalle medesime sedi per le stesse finalit\u00e0). I dati personali forniti dagli utenti che inoltrano richieste di invio di materiale informativo (brochure, materiale informativo, ecc.) sono utilizzati al solo fine di eseguire il servizio o la prestazione richiesta e sono comunicati a terzi nel solo caso in cui ci\u00f2 sia a tal fine necessario (societ\u00e0 che forniscono servizi di imbustamento, etichettatura, spedizione).<\/p>\r\n\r\n\r\n\r\n<p class=\"has-small-font-size\">Al di fuori di questi casi, i dati non saranno comunicati, n\u00e9 concessi ad alcuno, salvo:<\/p>\r\n\r\n\r\n\r\n<p class=\"has-small-font-size\">1.\u00a0\u00a0\u00a0\u00a0\u00a0vi sia consenso esplicito a condividere i dati con terze parti;<\/p>\r\n\r\n\r\n\r\n<p class=\"has-small-font-size\">2.\u00a0\u00a0\u00a0\u00a0\u00a0vi sia la necessit\u00e0 di condividere con terzi le informazioni al fine di prestare il servizio richiesto;<\/p>\r\n\r\n\r\n\r\n<p class=\"has-small-font-size\">3.\u00a0\u00a0\u00a0\u00a0\u00a0ci\u00f2 sia necessario per adempiere a richieste dell\u2019Autorit\u00e0 Giudiziaria o di Pubblica Sicurezza.<\/p>\r\n\r\n\r\n\r\n<p class=\"has-small-font-size\">Nessun dato derivante dal servizio web viene diffuso.<\/p>\r\n\r\n\r\n\r\n<p class=\"has-small-font-size\"><strong>Trattamento dei dati sensibili<\/strong><\/p>\r\n\r\n\r\n\r\n<p class=\"has-small-font-size\">Nel caso in cui venga inviato un curriculum vitae contenente dati personali sensibili ovvero dati inerenti lo stato di salute, opinioni politiche, religiose o sindacali, (ovvero l\u2019adesione a movimenti o organizzazioni di tale natura), dati giudiziari e dati inerenti le origini razziali o etniche e non recante un esplicito consenso scritto al trattamento di tali dati, tale consenso verr\u00e0 richiesto esplicitamente e per iscritto. In mancanza di un riscontro entro 14 giorni, i dati saranno eliminati definitivamente.<\/p>\r\n\r\n\r\n\r\n<p class=\"has-small-font-size\"><strong>Diritti degli interessati<\/strong><\/p>\r\n\r\n\r\n\r\n<p class=\"has-small-font-size\">I soggetti cui si riferiscono i dati personali hanno il diritto in qualunque momento di ottenere la conferma dell\u2019esistenza o meno dei medesimi dati e di conoscerne il contenuto e l\u2019origine, verificarne l\u2019esattezza o chiederne l\u2019integrazione o l\u2019aggiornamento, oppure la rettificazione come disposto dal vigente Regolamento UE 2016\/679, in base al quale si ha il diritto di chiedere la cancellazione, la trasformazione in forma anonima o il blocco dei dati trattati in violazione di legge, nonch\u00e9 di opporsi in ogni caso, per motivi legittimi, al loro trattamento.<\/p>\r\n\r\n\r\n\r\n<p class=\"has-small-font-size\"><strong>Modifiche alle presenti politiche sulla privacy<\/strong><\/p>\r\n\r\n\r\n\r\n<p class=\"has-small-font-size\">Confabitare della Provincia di Varese verifica periodicamente le proprie politiche relative alla privacy e alla sicurezza e, se del caso, le rivede in relazione alle modifiche normative, organizzative o dettate dall\u2019evoluzione tecnologica. In caso di modifica delle politiche, la nuova versione sar\u00e0 pubblicata in questa pagina del sito che, pertanto, vi invitiamo a visitare periodicamente.<\/p>\r\n\r\n\r\n\r\n<p class=\"has-small-font-size\"><strong>Domande e reclami\u00a0<\/strong><\/p>\r\n\r\n\r\n\r\n<p>Chiunque fosse interessato a maggiori informazioni o avanzare reclami o contestazioni in merito alle politiche privacy dell\u2019organizzazione o sul modo in cui Confabitare della Provincia di Varese tratta i dati personali, pu\u00f2 effettuarlo scrivendo al seguente indirizzo e-mail:\u00a0<a href=\"mailto:segreteria.varese@confabitare.it\">segreteria.varese@confabitare.it<\/a><\/p>\r\n","protected":false},"excerpt":{"rendered":"<p>Privacy Policy Privacy policy La presente informativa ha valore anche ai fini dell\u2019art. 13 del D.Lgs 196\/2003 e dell\u2019art. 13 del Reg. UE 2016\/679 (GDPR), relativo alla protezione delle persone &hellip; <\/p>\n","protected":false},"author":1,"featured_media":0,"parent":0,"menu_order":0,"comment_status":"closed","ping_status":"closed","template":"","meta":{"footnotes":""},"class_list":["post-3","page","type-page","status-publish","hentry","fadeIn","image-hover-transition-effect","latest_post"],"_links":{"self":[{"href":"https:\/\/www.confabitarevarese.org\/index.php\/wp-json\/wp\/v2\/pages\/3","targetHints":{"allow":["GET"]}}],"collection":[{"href":"https:\/\/www.confabitarevarese.org\/index.php\/wp-json\/wp\/v2\/pages"}],"about":[{"href":"https:\/\/www.confabitarevarese.org\/index.php\/wp-json\/wp\/v2\/types\/page"}],"author":[{"embeddable":true,"href":"https:\/\/www.confabitarevarese.org\/index.php\/wp-json\/wp\/v2\/users\/1"}],"replies":[{"embeddable":true,"href":"https:\/\/www.confabitarevarese.org\/index.php\/wp-json\/wp\/v2\/comments?post=3"}],"version-history":[{"count":3,"href":"https:\/\/www.confabitarevarese.org\/index.php\/wp-json\/wp\/v2\/pages\/3\/revisions"}],"predecessor-version":[{"id":144,"href":"https:\/\/www.confabitarevarese.org\/index.php\/wp-json\/wp\/v2\/pages\/3\/revisions\/144"}],"wp:attachment":[{"href":"https:\/\/www.confabitarevarese.org\/index.php\/wp-json\/wp\/v2\/media?parent=3"}],"curies":[{"name":"wp","href":"https:\/\/api.w.org\/{rel}","templated":true}]}}