{"id":259,"date":"2022-10-24T16:41:53","date_gmt":"2022-10-24T16:41:53","guid":{"rendered":"https:\/\/www.confabitarevarese.org\/?page_id=259"},"modified":"2022-10-24T16:50:04","modified_gmt":"2022-10-24T16:50:04","slug":"elementor-259","status":"publish","type":"page","link":"https:\/\/www.confabitarevarese.org\/index.php\/elementor-259\/","title":{"rendered":"Studio Agronomico Tovaglieri"},"content":{"rendered":"\t\t<div data-elementor-type=\"wp-page\" data-elementor-id=\"259\" class=\"elementor elementor-259\">\n\t\t\t\t\t\t<section class=\"elementor-section elementor-top-section elementor-element elementor-element-69a4829 elementor-section-boxed elementor-section-height-default elementor-section-height-default\" data-id=\"69a4829\" data-element_type=\"section\" data-e-type=\"section\">\n\t\t\t\t\t\t<div class=\"elementor-container elementor-column-gap-default\">\n\t\t\t\t\t<div class=\"elementor-column elementor-col-100 elementor-top-column elementor-element elementor-element-9e2b79c\" data-id=\"9e2b79c\" data-element_type=\"column\" data-e-type=\"column\">\n\t\t\t<div class=\"elementor-widget-wrap elementor-element-populated\">\n\t\t\t\t\t\t<div class=\"elementor-element elementor-element-635b6ad elementor-widget elementor-widget-heading\" data-id=\"635b6ad\" data-element_type=\"widget\" data-e-type=\"widget\" data-widget_type=\"heading.default\">\n\t\t\t\t<div class=\"elementor-widget-container\">\n\t\t\t\t\t<h2 class=\"elementor-heading-title elementor-size-default\"><p class=\"MsoNormal\" align=\"center\" style=\"margin: 0cm;font-size: 12pt;, serif;white-space: normal;text-align: center\"><b><span style=\"font-size: 36pt\">STUDIO AGRONOMICO<\/span><\/b><\/p><b style=\", serif;font-size: 12pt;text-align: center;white-space: normal\"><span style=\"font-size: 36pt\">TOVAGLIERI<\/span><\/b><\/h2>\t\t\t\t<\/div>\n\t\t\t\t<\/div>\n\t\t\t\t\t<\/div>\n\t\t<\/div>\n\t\t\t\t\t<\/div>\n\t\t<\/section>\n\t\t\t\t<section class=\"elementor-section elementor-top-section elementor-element elementor-element-52a5fcc elementor-section-boxed elementor-section-height-default elementor-section-height-default\" data-id=\"52a5fcc\" data-element_type=\"section\" data-e-type=\"section\">\n\t\t\t\t\t\t<div class=\"elementor-container elementor-column-gap-default\">\n\t\t\t\t\t<div class=\"elementor-column elementor-col-100 elementor-top-column elementor-element elementor-element-9e1b293\" data-id=\"9e1b293\" data-element_type=\"column\" data-e-type=\"column\">\n\t\t\t<div class=\"elementor-widget-wrap elementor-element-populated\">\n\t\t\t\t\t\t<div class=\"elementor-element elementor-element-3a7bc5f elementor-widget elementor-widget-image\" data-id=\"3a7bc5f\" data-element_type=\"widget\" data-e-type=\"widget\" data-widget_type=\"image.default\">\n\t\t\t\t<div class=\"elementor-widget-container\">\n\t\t\t\t\t\t\t\t\t\t\t\t\t\t\t<img decoding=\"async\" width=\"300\" height=\"100\" src=\"https:\/\/www.confabitarevarese.org\/wp-content\/uploads\/2022\/10\/logo-web-1-300x100-1.png\" class=\"attachment-large size-large wp-image-260\" alt=\"\" srcset=\"https:\/\/www.confabitarevarese.org\/wp-content\/uploads\/2022\/10\/logo-web-1-300x100-1.png 300w, https:\/\/www.confabitarevarese.org\/wp-content\/uploads\/2022\/10\/logo-web-1-300x100-1-180x60.png 180w\" sizes=\"(max-width: 300px) 100vw, 300px\" \/>\t\t\t\t\t\t\t\t\t\t\t\t\t\t\t<\/div>\n\t\t\t\t<\/div>\n\t\t\t\t\t<\/div>\n\t\t<\/div>\n\t\t\t\t\t<\/div>\n\t\t<\/section>\n\t\t\t\t<section class=\"elementor-section elementor-top-section elementor-element elementor-element-bba2cdf elementor-section-boxed elementor-section-height-default elementor-section-height-default\" data-id=\"bba2cdf\" data-element_type=\"section\" data-e-type=\"section\">\n\t\t\t\t\t\t<div class=\"elementor-container elementor-column-gap-default\">\n\t\t\t\t\t<div class=\"elementor-column elementor-col-100 elementor-top-column elementor-element elementor-element-63010e3\" data-id=\"63010e3\" data-element_type=\"column\" data-e-type=\"column\">\n\t\t\t<div class=\"elementor-widget-wrap elementor-element-populated\">\n\t\t\t\t\t\t<div class=\"elementor-element elementor-element-56408f0 elementor-widget elementor-widget-heading\" data-id=\"56408f0\" data-element_type=\"widget\" data-e-type=\"widget\" data-widget_type=\"heading.default\">\n\t\t\t\t<div class=\"elementor-widget-container\">\n\t\t\t\t\t<h2 class=\"elementor-heading-title elementor-size-default\"><p align=\"center\" style=\"margin: 0cm;font-size: 12pt;, serif;white-space: normal;text-align: center;background-image: initial;background-position: initial;background-size: initial;background-repeat: initial;background-attachment: initial\"><b><span style=\"font-size: 24pt;color: red;background: yellow\">HAI PROBLEMI CON IL VERDE DI CASA TUA O DEL TUO CONDOMINIO?<\/span><\/b><span><\/span><\/p><p align=\"center\" style=\"margin: 0cm;font-size: 12pt;, serif;white-space: normal;text-align: center;background-image: initial;background-position: initial;background-size: initial;background-repeat: initial;background-attachment: initial\"><b><span style=\"font-size: 24pt;color: red;background: yellow\">NON ASPETTARE: CHIAMACI SUBITO,&nbsp;<\/span><\/b><\/p><p align=\"center\" style=\"margin: 0cm;font-size: 12pt;, serif;white-space: normal;text-align: center;background-image: initial;background-position: initial;background-size: initial;background-repeat: initial;background-attachment: initial\"><b><span style=\"font-size: 24pt;color: red;background: yellow\">SENZA IMPEGNO!!<\/span><\/b><span style=\"font-size: 40px;white-space: pre-wrap\"><\/span><\/p><\/h2>\t\t\t\t<\/div>\n\t\t\t\t<\/div>\n\t\t\t\t<div class=\"elementor-element elementor-element-19de68b elementor-widget elementor-widget-text-editor\" data-id=\"19de68b\" data-element_type=\"widget\" data-e-type=\"widget\" data-widget_type=\"text-editor.default\">\n\t\t\t\t<div class=\"elementor-widget-container\">\n\t\t\t\t\t\t\t\t\t<p style=\"margin: 0cm; font-size: 12pt; font-family: 'Times New Roman', serif; color: #000000; text-align: justify; background-image: initial; background-position: initial; background-size: initial; background-repeat: initial; background-attachment: initial; background-origin: initial; background-clip: initial;\"><span style=\"font-size: 22pt;\"><img decoding=\"async\" class=\"alignleft wp-image-261\" src=\"https:\/\/www.confabitarevarese.org\/wp-content\/uploads\/2022\/10\/002-150x150.jpeg\" alt=\"\" width=\"170\" height=\"170\" srcset=\"https:\/\/www.confabitarevarese.org\/wp-content\/uploads\/2022\/10\/002-150x150.jpeg 150w, https:\/\/www.confabitarevarese.org\/wp-content\/uploads\/2022\/10\/002-435x435.jpeg 435w\" sizes=\"(max-width: 170px) 100vw, 170px\" \/>Grazie all\u2019accordo sottoscritto in questi giorni la nostra Associazione si arricchisce di una NUOVA, importante professionalit\u00e0: a partire da febbraio, infatti, lo <a href=\"http:\/\/www.studiotovaglieri.it\/\"><b><span style=\"color: black;\">STUDIO TOVAGLIERI<\/span><\/b><\/a>, entra a far parte della nostra Famiglia in qualit\u00e0 di\u00a0<u>CONSULENTE AGRONOMICO<\/u>.<\/span><span style=\"font-size: 22pt;\"><br \/><\/span><\/p><p style=\"margin: 0cm; font-size: 12pt; font-family: 'Times New Roman', serif; color: #000000; text-align: justify; background-image: initial; background-position: initial; background-size: initial; background-repeat: initial; background-attachment: initial; background-origin: initial; background-clip: initial;\"><span style=\"font-size: 22pt;\">\u00a0<\/span><\/p><p style=\"margin: 0cm; font-size: 12pt; font-family: 'Times New Roman', serif; color: #000000; text-align: justify; background-image: initial; background-position: initial; background-size: initial; background-repeat: initial; background-attachment: initial; background-origin: initial; background-clip: initial;\"><span style=\"font-size: 22pt;\">In un periodo nel quale \u201cgreen\u201d sembra diventata la parola <img decoding=\"async\" class=\" wp-image-262 alignright\" src=\"https:\/\/www.confabitarevarese.org\/wp-content\/uploads\/2022\/10\/20160121_163013_-150x150.jpeg\" alt=\"\" width=\"198\" height=\"198\" srcset=\"https:\/\/www.confabitarevarese.org\/wp-content\/uploads\/2022\/10\/20160121_163013_-150x150.jpeg 150w, https:\/\/www.confabitarevarese.org\/wp-content\/uploads\/2022\/10\/20160121_163013_-435x435.jpeg 435w\" sizes=\"(max-width: 198px) 100vw, 198px\" \/> d\u2019ordine, avere al nostro fianco uno dei pi\u00f9 importanti periti agronomi ci consente di offrire, ai nostri associati, un servizio di alta qualit\u00e0 e professionalit\u00e0, <b><u>a\u00a0<span style=\"background: yellow;\">tariffe speciali per i SOLI iscritti a CONFABITARE<\/span><\/u><\/b><span style=\"background: yellow;\">!<\/span><\/span><\/p><p style=\"margin: 0cm; font-size: 12pt; font-family: 'Times New Roman', serif; color: #000000; text-align: center;\" align=\"center\">\u00a0<\/p>\t\t\t\t\t\t\t\t<\/div>\n\t\t\t\t<\/div>\n\t\t\t\t\t<\/div>\n\t\t<\/div>\n\t\t\t\t\t<\/div>\n\t\t<\/section>\n\t\t\t\t<section class=\"elementor-section elementor-top-section elementor-element elementor-element-6d0cfc0 elementor-section-boxed elementor-section-height-default elementor-section-height-default\" data-id=\"6d0cfc0\" data-element_type=\"section\" data-e-type=\"section\">\n\t\t\t\t\t\t<div class=\"elementor-container elementor-column-gap-default\">\n\t\t\t\t\t<div class=\"elementor-column elementor-col-100 elementor-top-column elementor-element elementor-element-006c0a9\" data-id=\"006c0a9\" data-element_type=\"column\" data-e-type=\"column\">\n\t\t\t<div class=\"elementor-widget-wrap elementor-element-populated\">\n\t\t\t\t\t\t<div class=\"elementor-element elementor-element-db6378c elementor-widget elementor-widget-text-editor\" data-id=\"db6378c\" data-element_type=\"widget\" data-e-type=\"widget\" data-widget_type=\"text-editor.default\">\n\t\t\t\t<div class=\"elementor-widget-container\">\n\t\t\t\t\t\t\t\t\t<p class=\"MsoNormal\" align=\"center\" style=\"margin: 0cm; font-size: 12pt; font-family: &quot;Times New Roman&quot;, serif; color: rgb(0, 0, 0); text-align: center; background-image: initial; background-position: initial; background-size: initial; background-repeat: initial; background-attachment: initial; background-origin: initial; background-clip: initial;\"><b><span style=\"font-size: 22pt; color: red; background: yellow;\">POTRAI AVERE CONSULENZE E ASSISTENZA A TARIFFA SPECIALE SU:<\/span><\/b><span style=\"font-size: 22pt; color: rgb(102, 102, 102);\"><o:p><\/o:p><\/span><\/p><p class=\"MsoNormal\" style=\"margin: 0cm; font-size: 12pt; font-family: &quot;Times New Roman&quot;, serif; color: rgb(0, 0, 0); background-image: initial; background-position: initial; background-size: initial; background-repeat: initial; background-attachment: initial; background-origin: initial; background-clip: initial;\"><span style=\"font-size: 22pt; color: rgb(102, 102, 102);\">&nbsp;<\/span><\/p><p class=\"MsoListParagraphCxSpFirst\" style=\"margin: 0cm 0cm 0cm -18pt; font-size: 12pt; font-family: &quot;Times New Roman&quot;, serif; color: rgb(0, 0, 0); text-indent: -18pt; background-image: initial; background-position: initial; background-size: initial; background-repeat: initial; background-attachment: initial; background-origin: initial; background-clip: initial;\"><span style=\"font-size: 22pt; font-family: Symbol;\">\u00b7<span style=\"font-variant-numeric: normal; font-variant-east-asian: normal; font-stretch: normal; font-size: 7pt; line-height: normal; font-family: &quot;Times New Roman&quot;;\">&nbsp;&nbsp;&nbsp; <\/span><\/span><b><span style=\"font-size: 22pt;\">Valutazione dello stato di salute e sicurezza degli alberi<\/span><\/b><span style=\"font-size: 22pt;\"><o:p><\/o:p><\/span><\/p><p class=\"MsoListParagraphCxSpMiddle\" style=\"margin: 0cm 0cm 0cm -18pt; font-size: 12pt; font-family: &quot;Times New Roman&quot;, serif; color: rgb(0, 0, 0); text-indent: -18pt; background-image: initial; background-position: initial; background-size: initial; background-repeat: initial; background-attachment: initial; background-origin: initial; background-clip: initial;\"><span style=\"font-size: 22pt; font-family: Symbol;\">\u00b7<span style=\"font-variant-numeric: normal; font-variant-east-asian: normal; font-stretch: normal; font-size: 7pt; line-height: normal; font-family: &quot;Times New Roman&quot;;\">&nbsp;&nbsp;&nbsp; <\/span><\/span><b><span style=\"font-size: 22pt;\">Perizie tecnico-giuridiche sulle problematiche tra propriet\u00e0 confinanti<\/span><\/b><span style=\"font-size: 22pt;\"><o:p><\/o:p><\/span><\/p><p class=\"MsoListParagraphCxSpMiddle\" style=\"margin: 0cm 0cm 0cm -18pt; font-size: 12pt; font-family: &quot;Times New Roman&quot;, serif; color: rgb(0, 0, 0); text-indent: -18pt; background-image: initial; background-position: initial; background-size: initial; background-repeat: initial; background-attachment: initial; background-origin: initial; background-clip: initial;\"><span style=\"font-size: 22pt; font-family: Symbol;\">\u00b7<span style=\"font-variant-numeric: normal; font-variant-east-asian: normal; font-stretch: normal; font-size: 7pt; line-height: normal; font-family: &quot;Times New Roman&quot;;\">&nbsp;&nbsp;&nbsp; <\/span><\/span><b><span style=\"font-size: 22pt;\">Progettazione del Verde nuovo o da ristrutturare<\/span><\/b><span style=\"font-size: 22pt;\"><o:p><\/o:p><\/span><\/p><p class=\"MsoListParagraphCxSpMiddle\" style=\"margin: 0cm 0cm 0cm -18pt; font-size: 12pt; font-family: &quot;Times New Roman&quot;, serif; color: rgb(0, 0, 0); text-indent: -18pt; background-image: initial; background-position: initial; background-size: initial; background-repeat: initial; background-attachment: initial; background-origin: initial; background-clip: initial;\"><span style=\"font-size: 22pt; font-family: Symbol;\">\u00b7<span style=\"font-variant-numeric: normal; font-variant-east-asian: normal; font-stretch: normal; font-size: 7pt; line-height: normal; font-family: &quot;Times New Roman&quot;;\">&nbsp;&nbsp;&nbsp; <\/span><\/span><b><span style=\"font-size: 22pt;\">Piani di manutenzione ordinaria e straordinaria del verde<\/span><\/b><span style=\"font-size: 22pt;\"><o:p><\/o:p><\/span><\/p><p class=\"MsoListParagraphCxSpMiddle\" style=\"margin: 0cm 0cm 0cm -18pt; font-size: 12pt; font-family: &quot;Times New Roman&quot;, serif; color: rgb(0, 0, 0); text-indent: -18pt; background-image: initial; background-position: initial; background-size: initial; background-repeat: initial; background-attachment: initial; background-origin: initial; background-clip: initial;\"><span style=\"font-size: 22pt; font-family: Symbol;\">\u00b7<span style=\"font-variant-numeric: normal; font-variant-east-asian: normal; font-stretch: normal; font-size: 7pt; line-height: normal; font-family: &quot;Times New Roman&quot;;\">&nbsp;&nbsp;&nbsp; <\/span><\/span><b><span style=\"font-size: 22pt;\">Perizie di stima dei valori del terreno e della vegetazione<\/span><\/b><span style=\"font-size: 22pt;\"><o:p><\/o:p><\/span><\/p><p class=\"MsoListParagraphCxSpLast\" style=\"margin: 0cm 0cm 0cm -18pt; font-size: 12pt; font-family: &quot;Times New Roman&quot;, serif; color: rgb(0, 0, 0); text-indent: -18pt; background-image: initial; background-position: initial; background-size: initial; background-repeat: initial; background-attachment: initial; background-origin: initial; background-clip: initial;\"><span style=\"font-size: 22pt; font-family: Symbol;\">\u00b7<span style=\"font-variant-numeric: normal; font-variant-east-asian: normal; font-stretch: normal; font-size: 7pt; line-height: normal; font-family: &quot;Times New Roman&quot;;\">&nbsp;&nbsp;&nbsp; <\/span><\/span><b><span style=\"font-size: 22pt;\">Analisi di laboratorio su terreni, acque di irrigazione, malattie delle piante<\/span><\/b><span style=\"font-size: 22pt;\"><o:p><\/o:p><\/span><\/p>\t\t\t\t\t\t\t\t<\/div>\n\t\t\t\t<\/div>\n\t\t\t\t\t<\/div>\n\t\t<\/div>\n\t\t\t\t\t<\/div>\n\t\t<\/section>\n\t\t\t\t<\/div>\n\t\t","protected":false},"excerpt":{"rendered":"<p>STUDIO AGRONOMICO TOVAGLIERI HAI PROBLEMI CON IL VERDE DI CASA TUA O DEL TUO CONDOMINIO? NON ASPETTARE: CHIAMACI SUBITO,&nbsp; SENZA IMPEGNO!! Grazie all\u2019accordo sottoscritto in questi giorni la nostra Associazione &hellip; <\/p>\n","protected":false},"author":1,"featured_media":0,"parent":0,"menu_order":0,"comment_status":"closed","ping_status":"closed","template":"","meta":{"footnotes":""},"class_list":["post-259","page","type-page","status-publish","hentry","fadeIn","image-hover-transition-effect","latest_post"],"_links":{"self":[{"href":"https:\/\/www.confabitarevarese.org\/index.php\/wp-json\/wp\/v2\/pages\/259","targetHints":{"allow":["GET"]}}],"collection":[{"href":"https:\/\/www.confabitarevarese.org\/index.php\/wp-json\/wp\/v2\/pages"}],"about":[{"href":"https:\/\/www.confabitarevarese.org\/index.php\/wp-json\/wp\/v2\/types\/page"}],"author":[{"embeddable":true,"href":"https:\/\/www.confabitarevarese.org\/index.php\/wp-json\/wp\/v2\/users\/1"}],"replies":[{"embeddable":true,"href":"https:\/\/www.confabitarevarese.org\/index.php\/wp-json\/wp\/v2\/comments?post=259"}],"version-history":[{"count":4,"href":"https:\/\/www.confabitarevarese.org\/index.php\/wp-json\/wp\/v2\/pages\/259\/revisions"}],"predecessor-version":[{"id":268,"href":"https:\/\/www.confabitarevarese.org\/index.php\/wp-json\/wp\/v2\/pages\/259\/revisions\/268"}],"wp:attachment":[{"href":"https:\/\/www.confabitarevarese.org\/index.php\/wp-json\/wp\/v2\/media?parent=259"}],"curies":[{"name":"wp","href":"https:\/\/api.w.org\/{rel}","templated":true}]}}