{"id":1413,"date":"2025-10-08T14:45:30","date_gmt":"2025-10-08T14:45:30","guid":{"rendered":"https:\/\/www.confabitarevarese.org\/?page_id=1413"},"modified":"2025-10-08T15:16:32","modified_gmt":"2025-10-08T15:16:32","slug":"affittabile-affitto-sicuro","status":"publish","type":"page","link":"https:\/\/www.confabitarevarese.org\/index.php\/elementor-251\/affittabile-affitto-sicuro\/","title":{"rendered":"AFFITTABILE AFFITTO SICURO"},"content":{"rendered":"\t\t<div data-elementor-type=\"wp-page\" data-elementor-id=\"1413\" class=\"elementor elementor-1413\">\n\t\t\t\t\t\t<section class=\"elementor-section elementor-top-section elementor-element elementor-element-4543b41 elementor-section-boxed elementor-section-height-default elementor-section-height-default\" data-id=\"4543b41\" data-element_type=\"section\" data-e-type=\"section\">\n\t\t\t\t\t\t<div class=\"elementor-container elementor-column-gap-default\">\n\t\t\t\t\t<div class=\"elementor-column elementor-col-100 elementor-top-column elementor-element elementor-element-9d7f58a\" data-id=\"9d7f58a\" data-element_type=\"column\" data-e-type=\"column\">\n\t\t\t<div class=\"elementor-widget-wrap elementor-element-populated\">\n\t\t\t\t\t\t<div class=\"elementor-element elementor-element-6356efa elementor-widget elementor-widget-image\" data-id=\"6356efa\" data-element_type=\"widget\" data-e-type=\"widget\" data-widget_type=\"image.default\">\n\t\t\t\t<div class=\"elementor-widget-container\">\n\t\t\t\t\t\t\t\t\t\t\t\t\t\t\t<img decoding=\"async\" width=\"385\" height=\"60\" src=\"https:\/\/www.confabitarevarese.org\/wp-content\/uploads\/2025\/10\/affittabile-con-r.png\" class=\"attachment-large size-large wp-image-1423\" alt=\"\" srcset=\"https:\/\/www.confabitarevarese.org\/wp-content\/uploads\/2025\/10\/affittabile-con-r.png 385w, https:\/\/www.confabitarevarese.org\/wp-content\/uploads\/2025\/10\/affittabile-con-r-300x47.png 300w\" sizes=\"(max-width: 385px) 100vw, 385px\" \/>\t\t\t\t\t\t\t\t\t\t\t\t\t\t\t<\/div>\n\t\t\t\t<\/div>\n\t\t\t\t\t<\/div>\n\t\t<\/div>\n\t\t\t\t\t<\/div>\n\t\t<\/section>\n\t\t\t\t<section class=\"elementor-section elementor-top-section elementor-element elementor-element-2c41e74 elementor-section-boxed elementor-section-height-default elementor-section-height-default\" data-id=\"2c41e74\" data-element_type=\"section\" data-e-type=\"section\">\n\t\t\t\t\t\t<div class=\"elementor-container elementor-column-gap-default\">\n\t\t\t\t\t<div class=\"elementor-column elementor-col-100 elementor-top-column elementor-element elementor-element-ddb6b83\" data-id=\"ddb6b83\" data-element_type=\"column\" data-e-type=\"column\">\n\t\t\t<div class=\"elementor-widget-wrap elementor-element-populated\">\n\t\t\t\t\t\t<div class=\"elementor-element elementor-element-1f4ee80 elementor-widget elementor-widget-heading\" data-id=\"1f4ee80\" data-element_type=\"widget\" data-e-type=\"widget\" data-widget_type=\"heading.default\">\n\t\t\t\t<div class=\"elementor-widget-container\">\n\t\t\t\t\t<h2 class=\"elementor-heading-title elementor-size-default\">CRIF e Confabitare presentano AFFITTABILE, il nuovo servizio che aiuta inquilini e proprietari ad affrontare al meglio l\u2019avvio di un nuovo contratto<\/h2>\t\t\t\t<\/div>\n\t\t\t\t<\/div>\n\t\t\t\t\t<\/div>\n\t\t<\/div>\n\t\t\t\t\t<\/div>\n\t\t<\/section>\n\t\t\t\t<section class=\"elementor-section elementor-top-section elementor-element elementor-element-ef0d62d elementor-section-boxed elementor-section-height-default elementor-section-height-default\" data-id=\"ef0d62d\" data-element_type=\"section\" data-e-type=\"section\">\n\t\t\t\t\t\t<div class=\"elementor-container elementor-column-gap-default\">\n\t\t\t\t\t<div class=\"elementor-column elementor-col-100 elementor-top-column elementor-element elementor-element-e27c8f2\" data-id=\"e27c8f2\" data-element_type=\"column\" data-e-type=\"column\">\n\t\t\t<div class=\"elementor-widget-wrap elementor-element-populated\">\n\t\t\t\t\t\t<div class=\"elementor-element elementor-element-2bf7fa8 elementor-widget elementor-widget-image\" data-id=\"2bf7fa8\" data-element_type=\"widget\" data-e-type=\"widget\" data-widget_type=\"image.default\">\n\t\t\t\t<div class=\"elementor-widget-container\">\n\t\t\t\t\t\t\t\t\t\t\t\t\t\t\t<img fetchpriority=\"high\" decoding=\"async\" width=\"500\" height=\"500\" src=\"https:\/\/www.confabitarevarese.org\/wp-content\/uploads\/2025\/10\/Coppia-1-Quadrata.jpg\" class=\"attachment-large size-large wp-image-1424\" alt=\"\" srcset=\"https:\/\/www.confabitarevarese.org\/wp-content\/uploads\/2025\/10\/Coppia-1-Quadrata.jpg 500w, https:\/\/www.confabitarevarese.org\/wp-content\/uploads\/2025\/10\/Coppia-1-Quadrata-300x300.jpg 300w, https:\/\/www.confabitarevarese.org\/wp-content\/uploads\/2025\/10\/Coppia-1-Quadrata-150x150.jpg 150w, https:\/\/www.confabitarevarese.org\/wp-content\/uploads\/2025\/10\/Coppia-1-Quadrata-60x60.jpg 60w, https:\/\/www.confabitarevarese.org\/wp-content\/uploads\/2025\/10\/Coppia-1-Quadrata-435x435.jpg 435w\" sizes=\"(max-width: 500px) 100vw, 500px\" \/>\t\t\t\t\t\t\t\t\t\t\t\t\t\t\t<\/div>\n\t\t\t\t<\/div>\n\t\t\t\t\t<\/div>\n\t\t<\/div>\n\t\t\t\t\t<\/div>\n\t\t<\/section>\n\t\t\t\t<section class=\"elementor-section elementor-top-section elementor-element elementor-element-19311fb elementor-section-boxed elementor-section-height-default elementor-section-height-default\" data-id=\"19311fb\" data-element_type=\"section\" data-e-type=\"section\">\n\t\t\t\t\t\t<div class=\"elementor-container elementor-column-gap-default\">\n\t\t\t\t\t<div class=\"elementor-column elementor-col-100 elementor-top-column elementor-element elementor-element-a9f6f52\" data-id=\"a9f6f52\" data-element_type=\"column\" data-e-type=\"column\">\n\t\t\t<div class=\"elementor-widget-wrap elementor-element-populated\">\n\t\t\t\t\t\t<div class=\"elementor-element elementor-element-e0fbd6d elementor-widget elementor-widget-text-editor\" data-id=\"e0fbd6d\" data-element_type=\"widget\" data-e-type=\"widget\" data-widget_type=\"text-editor.default\">\n\t\t\t\t<div class=\"elementor-widget-container\">\n\t\t\t\t\t\t\t\t\t<p>CRIF e Confabitare presentano AFFITTABILE, il nuovo servizio che aiuta inquilini e proprietari ad affrontare al meglio l\u2019avvio di un nuovo contratto.<\/p><p>In un mercato immobiliare sempre pi\u00f9 complesso e nell\u2019attuale clima economico di incertezza, il momento della ricerca di una casa da parte degli inquilini e, dall\u2019altro lato, di un nuovo inquilino per i proprietari, pu\u00f2 portare con s\u00e9 molti dubbi e tensioni.<\/p><p>Con AFFITTABILE, il tuo futuro conduttore pu\u00f2 dimostrare con criteri oggettivi la sua<br \/>capacit\u00e0 finanziaria e la sua affidabilit\u00e0, ottenendo e condividendo con te una carta in pi\u00f9 che tutela tutti.<\/p><p><strong>Perch\u00e9 scegliere AFFITTABILE.<\/strong><\/p><p><strong>Valutazione di affidabilit\u00e0<\/strong><br \/>Scopri la reale capacit\u00e0 del tuo futuro conduttore di sostenere l\u2019impegno di un pagamento mensile.<br \/><strong>Tutela il tuo immobile<\/strong><br \/>Richiedi al tuo aspirante conduttore di individuare la soglia di affitto pi\u00f9 adatta alla sua situazione economica.<br \/><strong>Certificato di affidabilit\u00e0<\/strong><br \/>Scegli il tuo futuro conduttore con serenit\u00e0, richiedendo il report di affidabilit\u00e0.<\/p><p>Quali dati considera AFFITTABILE<\/p><p><strong>Entrate e uscite<\/strong><br \/>Analizza i dati di conto corrente (prestiti e finanziamenti, equilibrio fra entrate e uscite, pagamento di utenze, ecc).<br \/><strong>Impegni finanziari<\/strong><br \/>Eventuali informazioni relative ai rimborsi di prestiti, mutui, ecc. presenti sul Sistema di Informazioni Creditizie di CRIF.<br \/><strong>Dati da pubblici registri<\/strong><br \/>Eventuali informazioni presenti sulle fonti pubbliche, come protesti e informazioni derivanti da tribunali e uffici di pubblicit\u00e0 immobiliare.<\/p><p>Grazie alla convenzione tra Confabitare e CRIF, puoi ricevere un codice promozionale da fornire ai tuoi potenziali inquilini, per ottenere il servizio Affittabile ad un prezzo scontato.<\/p><p>\u00a0<\/p>\t\t\t\t\t\t\t\t<\/div>\n\t\t\t\t<\/div>\n\t\t\t\t\t<\/div>\n\t\t<\/div>\n\t\t\t\t\t<\/div>\n\t\t<\/section>\n\t\t\t\t<section class=\"elementor-section elementor-top-section elementor-element elementor-element-145ae0a elementor-section-boxed elementor-section-height-default elementor-section-height-default\" data-id=\"145ae0a\" data-element_type=\"section\" data-e-type=\"section\">\n\t\t\t\t\t\t<div class=\"elementor-container elementor-column-gap-default\">\n\t\t\t\t\t<div class=\"elementor-column elementor-col-100 elementor-top-column elementor-element elementor-element-86de0d4\" data-id=\"86de0d4\" data-element_type=\"column\" data-e-type=\"column\">\n\t\t\t<div class=\"elementor-widget-wrap elementor-element-populated\">\n\t\t\t\t\t\t<div class=\"elementor-element elementor-element-9bdf045 elementor-widget elementor-widget-image\" data-id=\"9bdf045\" data-element_type=\"widget\" data-e-type=\"widget\" data-widget_type=\"image.default\">\n\t\t\t\t<div class=\"elementor-widget-container\">\n\t\t\t\t\t\t\t\t\t\t\t\t\t\t\t<img decoding=\"async\" width=\"1020\" height=\"574\" src=\"https:\/\/www.confabitarevarese.org\/wp-content\/uploads\/2025\/10\/maxresdefault-1024x576.jpg\" class=\"attachment-large size-large wp-image-1426\" alt=\"\" srcset=\"https:\/\/www.confabitarevarese.org\/wp-content\/uploads\/2025\/10\/maxresdefault-1024x576.jpg 1024w, https:\/\/www.confabitarevarese.org\/wp-content\/uploads\/2025\/10\/maxresdefault-300x169.jpg 300w, https:\/\/www.confabitarevarese.org\/wp-content\/uploads\/2025\/10\/maxresdefault-768x432.jpg 768w, https:\/\/www.confabitarevarese.org\/wp-content\/uploads\/2025\/10\/maxresdefault-107x60.jpg 107w, https:\/\/www.confabitarevarese.org\/wp-content\/uploads\/2025\/10\/maxresdefault.jpg 1280w\" sizes=\"(max-width: 1020px) 100vw, 1020px\" \/>\t\t\t\t\t\t\t\t\t\t\t\t\t\t\t<\/div>\n\t\t\t\t<\/div>\n\t\t\t\t\t<\/div>\n\t\t<\/div>\n\t\t\t\t\t<\/div>\n\t\t<\/section>\n\t\t\t\t<section class=\"elementor-section elementor-top-section elementor-element elementor-element-2ae4649 elementor-section-boxed elementor-section-height-default elementor-section-height-default\" data-id=\"2ae4649\" data-element_type=\"section\" data-e-type=\"section\">\n\t\t\t\t\t\t<div class=\"elementor-container elementor-column-gap-default\">\n\t\t\t\t\t<div class=\"elementor-column elementor-col-100 elementor-top-column elementor-element elementor-element-ad8a4e3\" data-id=\"ad8a4e3\" data-element_type=\"column\" data-e-type=\"column\">\n\t\t\t<div class=\"elementor-widget-wrap elementor-element-populated\">\n\t\t\t\t\t\t<div class=\"elementor-element elementor-element-e76f5d6 elementor-widget elementor-widget-text-editor\" data-id=\"e76f5d6\" data-element_type=\"widget\" data-e-type=\"widget\" data-widget_type=\"text-editor.default\">\n\t\t\t\t<div class=\"elementor-widget-container\">\n\t\t\t\t\t\t\t\t\t<p><strong>Per maggiori informazioni puoi rivolgerti:<\/strong><br \/><strong>Confabitare Provinciale Varese<\/strong><br \/>Telefono: 0331 770354<\/p><p>Mail: <a href=\"mailto:segreteria.varese@confabitare.it\">segreteria.varese@confabitare.it<\/a><\/p>\t\t\t\t\t\t\t\t<\/div>\n\t\t\t\t<\/div>\n\t\t\t\t\t<\/div>\n\t\t<\/div>\n\t\t\t\t\t<\/div>\n\t\t<\/section>\n\t\t\t\t<\/div>\n\t\t","protected":false},"excerpt":{"rendered":"<p>CRIF e Confabitare presentano AFFITTABILE, il nuovo servizio che aiuta inquilini e proprietari ad affrontare al meglio l\u2019avvio di un nuovo contratto CRIF e Confabitare presentano AFFITTABILE, il nuovo servizio &hellip; <\/p>\n","protected":false},"author":1,"featured_media":0,"parent":251,"menu_order":0,"comment_status":"closed","ping_status":"closed","template":"","meta":{"footnotes":""},"class_list":["post-1413","page","type-page","status-publish","hentry","fadeIn","image-hover-transition-effect","latest_post"],"_links":{"self":[{"href":"https:\/\/www.confabitarevarese.org\/index.php\/wp-json\/wp\/v2\/pages\/1413","targetHints":{"allow":["GET"]}}],"collection":[{"href":"https:\/\/www.confabitarevarese.org\/index.php\/wp-json\/wp\/v2\/pages"}],"about":[{"href":"https:\/\/www.confabitarevarese.org\/index.php\/wp-json\/wp\/v2\/types\/page"}],"author":[{"embeddable":true,"href":"https:\/\/www.confabitarevarese.org\/index.php\/wp-json\/wp\/v2\/users\/1"}],"replies":[{"embeddable":true,"href":"https:\/\/www.confabitarevarese.org\/index.php\/wp-json\/wp\/v2\/comments?post=1413"}],"version-history":[{"count":4,"href":"https:\/\/www.confabitarevarese.org\/index.php\/wp-json\/wp\/v2\/pages\/1413\/revisions"}],"predecessor-version":[{"id":1429,"href":"https:\/\/www.confabitarevarese.org\/index.php\/wp-json\/wp\/v2\/pages\/1413\/revisions\/1429"}],"up":[{"embeddable":true,"href":"https:\/\/www.confabitarevarese.org\/index.php\/wp-json\/wp\/v2\/pages\/251"}],"wp:attachment":[{"href":"https:\/\/www.confabitarevarese.org\/index.php\/wp-json\/wp\/v2\/media?parent=1413"}],"curies":[{"name":"wp","href":"https:\/\/api.w.org\/{rel}","templated":true}]}}