{"id":1224,"date":"2024-05-08T16:18:30","date_gmt":"2024-05-08T16:18:30","guid":{"rendered":"https:\/\/www.confabitarevarese.org\/?page_id=1224"},"modified":"2024-05-08T16:28:04","modified_gmt":"2024-05-08T16:28:04","slug":"gabetti-lab","status":"publish","type":"page","link":"https:\/\/www.confabitarevarese.org\/index.php\/gabetti-lab\/","title":{"rendered":"GABETTI LAB"},"content":{"rendered":"\t\t<div data-elementor-type=\"wp-page\" data-elementor-id=\"1224\" class=\"elementor elementor-1224\">\n\t\t\t\t\t\t<section class=\"elementor-section elementor-top-section elementor-element elementor-element-0daed9c elementor-section-boxed elementor-section-height-default elementor-section-height-default\" data-id=\"0daed9c\" data-element_type=\"section\" data-e-type=\"section\">\n\t\t\t\t\t\t<div class=\"elementor-container elementor-column-gap-default\">\n\t\t\t\t\t<div class=\"elementor-column elementor-col-100 elementor-top-column elementor-element elementor-element-14816a7\" data-id=\"14816a7\" data-element_type=\"column\" data-e-type=\"column\">\n\t\t\t<div class=\"elementor-widget-wrap elementor-element-populated\">\n\t\t\t\t\t\t<div class=\"elementor-element elementor-element-c39c180 elementor-widget elementor-widget-heading\" data-id=\"c39c180\" data-element_type=\"widget\" data-e-type=\"widget\" data-widget_type=\"heading.default\">\n\t\t\t\t<div class=\"elementor-widget-container\">\n\t\t\t\t\t<h2 class=\"elementor-heading-title elementor-size-default\"><p align=\"center\" style=\"text-align:center\"><b><span style=\"font-size:24.0pt;line-height:107%;color:red;background:yellow\">CONFABITARE SIGLA UN\u2019IMPORTANTE PARTNERSHIP CON GABETTI\nLAB <\/span><\/b><b><span style=\"font-size:24.0pt;line-height:107%;color:red;background:yellow\">INSIEME PER RIQUALIFICARE E RENDERE PIU\u2019 SOSTENIBILE <\/span><\/b><b><span style=\"font-size:24.0pt;line-height:107%;color:red;background:yellow\">LE CASE DEGLI ITALIANI<\/span><\/b><\/p>\n\n<\/h2>\t\t\t\t<\/div>\n\t\t\t\t<\/div>\n\t\t\t\t\t<\/div>\n\t\t<\/div>\n\t\t\t\t\t<\/div>\n\t\t<\/section>\n\t\t\t\t<section class=\"elementor-section elementor-top-section elementor-element elementor-element-22810cc elementor-section-boxed elementor-section-height-default elementor-section-height-default\" data-id=\"22810cc\" data-element_type=\"section\" data-e-type=\"section\">\n\t\t\t\t\t\t<div class=\"elementor-container elementor-column-gap-default\">\n\t\t\t\t\t<div class=\"elementor-column elementor-col-100 elementor-top-column elementor-element elementor-element-04adc01\" data-id=\"04adc01\" data-element_type=\"column\" data-e-type=\"column\">\n\t\t\t<div class=\"elementor-widget-wrap elementor-element-populated\">\n\t\t\t\t\t\t<div class=\"elementor-element elementor-element-851fc8a elementor-widget elementor-widget-image\" data-id=\"851fc8a\" data-element_type=\"widget\" data-e-type=\"widget\" data-widget_type=\"image.default\">\n\t\t\t\t<div class=\"elementor-widget-container\">\n\t\t\t\t\t\t\t\t\t\t\t\t\t\t\t<img decoding=\"async\" width=\"334\" height=\"131\" src=\"https:\/\/www.confabitarevarese.org\/wp-content\/uploads\/2024\/05\/Gabetti-Lab.jpg\" class=\"attachment-large size-large wp-image-1225\" alt=\"\" srcset=\"https:\/\/www.confabitarevarese.org\/wp-content\/uploads\/2024\/05\/Gabetti-Lab.jpg 334w, https:\/\/www.confabitarevarese.org\/wp-content\/uploads\/2024\/05\/Gabetti-Lab-300x118.jpg 300w, https:\/\/www.confabitarevarese.org\/wp-content\/uploads\/2024\/05\/Gabetti-Lab-153x60.jpg 153w\" sizes=\"(max-width: 334px) 100vw, 334px\" \/>\t\t\t\t\t\t\t\t\t\t\t\t\t\t\t<\/div>\n\t\t\t\t<\/div>\n\t\t\t\t\t<\/div>\n\t\t<\/div>\n\t\t\t\t\t<\/div>\n\t\t<\/section>\n\t\t\t\t<section class=\"elementor-section elementor-top-section elementor-element elementor-element-3cda355 elementor-section-boxed elementor-section-height-default elementor-section-height-default\" data-id=\"3cda355\" data-element_type=\"section\" data-e-type=\"section\">\n\t\t\t\t\t\t<div class=\"elementor-container elementor-column-gap-default\">\n\t\t\t\t\t<div class=\"elementor-column elementor-col-100 elementor-top-column elementor-element elementor-element-bc03469\" data-id=\"bc03469\" data-element_type=\"column\" data-e-type=\"column\">\n\t\t\t<div class=\"elementor-widget-wrap elementor-element-populated\">\n\t\t\t\t\t\t<div class=\"elementor-element elementor-element-001a3c9 elementor-widget elementor-widget-text-editor\" data-id=\"001a3c9\" data-element_type=\"widget\" data-e-type=\"widget\" data-widget_type=\"text-editor.default\">\n\t\t\t\t<div class=\"elementor-widget-container\">\n\t\t\t\t\t\t\t\t\t<p class=\"MsoNormal\" style=\"text-align: center;\" align=\"center\"><span style=\"font-size: 18.0pt; line-height: 107%;\">\u201c<i>La casa al centro come leva cruciale della ripartenza del Paese\u201d<\/i><\/span><\/p>\t\t\t\t\t\t\t\t<\/div>\n\t\t\t\t<\/div>\n\t\t\t\t\t<\/div>\n\t\t<\/div>\n\t\t\t\t\t<\/div>\n\t\t<\/section>\n\t\t\t\t<section class=\"elementor-section elementor-top-section elementor-element elementor-element-91529b7 elementor-section-boxed elementor-section-height-default elementor-section-height-default\" data-id=\"91529b7\" data-element_type=\"section\" data-e-type=\"section\">\n\t\t\t\t\t\t<div class=\"elementor-container elementor-column-gap-default\">\n\t\t\t\t\t<div class=\"elementor-column elementor-col-100 elementor-top-column elementor-element elementor-element-40b8116\" data-id=\"40b8116\" data-element_type=\"column\" data-e-type=\"column\">\n\t\t\t<div class=\"elementor-widget-wrap elementor-element-populated\">\n\t\t\t\t\t\t<div class=\"elementor-element elementor-element-d8e31a8 elementor-widget__width-initial elementor-widget elementor-widget-text-editor\" data-id=\"d8e31a8\" data-element_type=\"widget\" data-e-type=\"widget\" data-widget_type=\"text-editor.default\">\n\t\t\t\t<div class=\"elementor-widget-container\">\n\t\t\t\t\t\t\t\t\t<p style=\"text-align: justify;\"><span style=\"font-size: 18.0pt; line-height: 107%;\">Nasce, con la firma dell\u2019accordo di partenariato avvenuta a Milano lo scorso 23 aprile 2024, una nuova alleanza tra due protagonisti del comparto immobiliare e del benessere abitativo, <b>Gabetti Lab<\/b> e <b>Confabitare Italia<\/b>, che procederanno insieme per affrontare la rinnovata domanda del mercato. Grazie all\u2019accordo Gabetti Lab e Confabitare <i>collaboreranno a livello istituzionale a tutela della propriet\u00e0 immobiliare e si scambieranno i rispettivi servizi, soprattutto nell\u2019ambito della riqualificazione energetica, delle comunit\u00e0 energetiche condominiali e nello smart building<\/i>.\u00a0<\/span><\/p><p style=\"text-align: justify;\"><span style=\"font-size: 18pt;\">Entrambe le realt\u00e0 hanno ben chiaro come le sfide siano molte e il carico che grava oggi sugli amministratori di condominio (ma anche sulle famiglie proprietarie di immobili) \u00e8 sempre pi\u00f9 insostenibile. \u00c8 proprio <\/span><u style=\"font-size: 18pt;\">questa consapevolezza che ha spinto le due organizzazioni leader nei propri ambiti a fare sistema ed unire le proprie energie e competenze per fare la differenza<\/u><span style=\"font-size: 18pt;\">!\u00a0<\/span><span style=\"font-size: 18pt;\">La non facile e confusa situazione di questi ultimi anni spinge molti operatori a porsi numerose domande su quali possano essere i possibili elementi per un rilancio di un settore che vive anni molto difficili e che, non solo per le nuove norme europee, nei prossimi anni \u2013 soprattutto in Italia dove il patrimonio immobiliare vetusto \u00e8 preponderante \u2013 vedr\u00e0 fra le sfide pi\u00f9 importanti e gravose quella della <\/span><u style=\"font-size: 18pt;\">riqualificazione delle periferie<\/u><span style=\"font-size: 18pt;\"> per consentire a tutti di poter vivere e lavorare in ambienti sicuri e all\u2019insegna del benessere.\u00a0<\/span><\/p>\t\t\t\t\t\t\t\t<\/div>\n\t\t\t\t<\/div>\n\t\t\t\t\t<\/div>\n\t\t<\/div>\n\t\t\t\t\t<\/div>\n\t\t<\/section>\n\t\t\t\t<section class=\"elementor-section elementor-top-section elementor-element elementor-element-37bab70 elementor-section-boxed elementor-section-height-default elementor-section-height-default\" data-id=\"37bab70\" data-element_type=\"section\" data-e-type=\"section\">\n\t\t\t\t\t\t<div class=\"elementor-container elementor-column-gap-default\">\n\t\t\t\t\t<div class=\"elementor-column elementor-col-100 elementor-top-column elementor-element elementor-element-3b1675c\" data-id=\"3b1675c\" data-element_type=\"column\" data-e-type=\"column\">\n\t\t\t<div class=\"elementor-widget-wrap elementor-element-populated\">\n\t\t\t\t\t\t<div class=\"elementor-element elementor-element-844c17e elementor-widget elementor-widget-text-editor\" data-id=\"844c17e\" data-element_type=\"widget\" data-e-type=\"widget\" data-widget_type=\"text-editor.default\">\n\t\t\t\t<div class=\"elementor-widget-container\">\n\t\t\t\t\t\t\t\t\t<p class=\"MsoNormal\" style=\"text-align: center;\" align=\"center\"><span style=\"font-size: 18.0pt; line-height: 107%;\">\u201c<i>la casa \u00e8 il vero patrimonio delle famiglie italiane<\/i>\u201d<\/span><\/p>\t\t\t\t\t\t\t\t<\/div>\n\t\t\t\t<\/div>\n\t\t\t\t\t<\/div>\n\t\t<\/div>\n\t\t\t\t\t<\/div>\n\t\t<\/section>\n\t\t\t\t<section class=\"elementor-section elementor-top-section elementor-element elementor-element-a58e713 elementor-section-boxed elementor-section-height-default elementor-section-height-default\" data-id=\"a58e713\" data-element_type=\"section\" data-e-type=\"section\">\n\t\t\t\t\t\t<div class=\"elementor-container elementor-column-gap-default\">\n\t\t\t\t\t<div class=\"elementor-column elementor-col-100 elementor-top-column elementor-element elementor-element-a028bab\" data-id=\"a028bab\" data-element_type=\"column\" data-e-type=\"column\">\n\t\t\t<div class=\"elementor-widget-wrap elementor-element-populated\">\n\t\t\t\t\t\t<div class=\"elementor-element elementor-element-759162c elementor-widget elementor-widget-text-editor\" data-id=\"759162c\" data-element_type=\"widget\" data-e-type=\"widget\" data-widget_type=\"text-editor.default\">\n\t\t\t\t<div class=\"elementor-widget-container\">\n\t\t\t\t\t\t\t\t\t<p class=\"MsoNormal\" style=\"text-align: justify;\"><span style=\"font-size: 18.0pt; line-height: 107%;\">La presentazione alla stampa della partnership ha visto alcuni importanti interventi da parte dei principali referenti delle due organizzazioni. Secondo <b>Marco Speretta, direttore generale Gabetti Property Solutions,<\/b> la collaborazione risponde alla crescente domanda di case ecologiche, come evidenziato da uno studio condotto in diverse citt\u00e0 italiane. La partnership &#8211; ha poi precisato &#8211; mira a <b>promuovere l&#8217;innovazione nel settore abitativo, supportando sia i condomini che gli individui nella trasformazione delle loro abitazioni in ambienti pi\u00f9 sostenibili, efficienti e confortevoli<\/b>.<\/span><\/p><p class=\"MsoNormal\" style=\"text-align: justify;\"><span style=\"font-size: 18.0pt; line-height: 107%; mso-bidi-font-weight: bold;\">Ha fatto eco alle parole di Speretta il <\/span><b><span style=\"font-size: 18.0pt; line-height: 107%;\">Presidente nazionale di Confabitare Italia Alberto Zanni<\/span><\/b><span style=\"font-size: 18.0pt; line-height: 107%; mso-bidi-font-weight: bold;\">, che ha evidenziato quanto<\/span><i> <\/i><span style=\"font-size: 18.0pt; line-height: 107%; mso-bidi-font-style: italic;\">sia fondamentale migliorare la qualit\u00e0 della vita e dell&#8217;abitare attraverso il comfort e la sostenibilit\u00e0. \u201c<\/span><i><span style=\"font-size: 18.0pt; line-height: 107%;\">Siamo delusi dai risultati del Superbonus 110, ma dobbiamo lavorare insieme per affrontare le sfide future\u201d <\/span><\/i><span style=\"font-size: 18.0pt; line-height: 107%; mso-bidi-font-style: italic;\">ha proseguito Zanni, sottolineando come <\/span><span style=\"font-size: 18.0pt; line-height: 107%; mso-bidi-font-weight: bold;\">\u201c<i>q<\/i><\/span><i><span style=\"font-size: 18.0pt; line-height: 107%;\">uesta partnership mira ad offrire servizi di qualit\u00e0 per aiutare i proprietari e gli amministratori condominiali a realizzare progetti di riqualificazione e sostenibilit\u00e0\u201d.<\/span><\/i><\/p><p class=\"MsoNormal\" style=\"text-align: justify;\"><span style=\"font-size: 18.0pt; line-height: 107%; mso-bidi-font-style: italic;\">Particolarmente interessante e mirato l\u2019intervento di <b>Alessandro De Biasio, Amministratore delegato di Gabetti Lab <\/b>che, illustrando i risultati dello studio effettuato con i Politecnici di Milano e Torino, <u>ha messo in luce come vi sia una correlazione fra l\u2019efficienza energetica degli edifici e i loro prezzi di vendita<\/u>. Questo perch\u00e9 <\/span><span style=\"font-size: 18.0pt; line-height: 107%;\">l&#8217;efficienza energetica influisce sul valore immobiliare, con un apprezzamento maggiore per gli edifici di classe energetica pi\u00f9 elevata.\u00a0<\/span><span style=\"font-size: 18pt;\">E se questi anni sono davvero complessi &#8211; ha aggiunto De Biasio &#8211; <\/span><b style=\"font-size: 18pt;\">l&#8217;alleanza tra Gabetti Lab e Confabitare emerge come un&#8217;iniziativa significativa per affrontare le sfide del settore immobiliare<\/b><span style=\"font-size: 18pt;\">, offrendo supporto agli amministratori di condominio e ai proprietari immobiliari per migliorare l&#8217;efficienza, la sicurezza e il comfort delle abitazioni. Questa partnership rappresenta un passo importante per promuovere il benessere abitativo e modernizzare il settore immobiliare italiano<\/span><\/p><p class=\"MsoNormal\" style=\"text-align: justify;\">\u00a0<\/p><p class=\"MsoNormal\" style=\"text-align: justify;\"><span style=\"font-size: 18.0pt; line-height: 107%; mso-bidi-font-weight: bold; mso-bidi-font-style: italic;\">Una collaborazione importante ribadita da <\/span><b><span style=\"font-size: 18.0pt; line-height: 107%;\">Roberto Busso, Amministratore delegato Gabetti Property Solutions<\/span><\/b><span style=\"font-size: 18.0pt; line-height: 107%; mso-bidi-font-weight: bold;\">, che ha dichiarato che, <\/span><i><span style=\"font-size: 18.0pt; line-height: 107%;\">&#8220;quando Confabitare e Gabetti si uniscono per un obiettivo comune nel settore immobiliare, che sia la sostenibilit\u00e0, la riqualificazione o l&#8217;innovazione, vuol dire che stiamo costruendo un futuro solido e promettente. Ci\u00f2 rappresenta una risposta concreta alle esigenze reali dei proprietari di immobili che richiedono interventi per aumentarne il valore e adeguarsi alle normative europee emergenti. Ma ci\u00f2 che conta di pi\u00f9 \u00e8 che questa partnership mette al centro le persone che abitano in queste case, desiderose di un elevato livello di benessere e qualit\u00e0 della vita\u201d.<\/span><\/i><\/p>\t\t\t\t\t\t\t\t<\/div>\n\t\t\t\t<\/div>\n\t\t\t\t\t<\/div>\n\t\t<\/div>\n\t\t\t\t\t<\/div>\n\t\t<\/section>\n\t\t\t\t<section class=\"elementor-section elementor-top-section elementor-element elementor-element-84ba25e elementor-section-boxed elementor-section-height-default elementor-section-height-default\" data-id=\"84ba25e\" data-element_type=\"section\" data-e-type=\"section\">\n\t\t\t\t\t\t<div class=\"elementor-container elementor-column-gap-default\">\n\t\t\t\t\t<div class=\"elementor-column elementor-col-100 elementor-top-column elementor-element elementor-element-07cbfae\" data-id=\"07cbfae\" data-element_type=\"column\" data-e-type=\"column\">\n\t\t\t<div class=\"elementor-widget-wrap elementor-element-populated\">\n\t\t\t\t\t\t<div class=\"elementor-element elementor-element-650ccdc elementor-widget elementor-widget-image\" data-id=\"650ccdc\" data-element_type=\"widget\" data-e-type=\"widget\" data-widget_type=\"image.default\">\n\t\t\t\t<div class=\"elementor-widget-container\">\n\t\t\t\t\t\t\t\t\t\t\t\t\t\t\t<img fetchpriority=\"high\" decoding=\"async\" width=\"1020\" height=\"763\" src=\"https:\/\/www.confabitarevarese.org\/wp-content\/uploads\/2024\/05\/WhatsApp-Image-2024-04-24-at-10.43.54-1024x766.jpeg\" class=\"attachment-large size-large wp-image-1227\" alt=\"\" srcset=\"https:\/\/www.confabitarevarese.org\/wp-content\/uploads\/2024\/05\/WhatsApp-Image-2024-04-24-at-10.43.54-1024x766.jpeg 1024w, https:\/\/www.confabitarevarese.org\/wp-content\/uploads\/2024\/05\/WhatsApp-Image-2024-04-24-at-10.43.54-300x224.jpeg 300w, https:\/\/www.confabitarevarese.org\/wp-content\/uploads\/2024\/05\/WhatsApp-Image-2024-04-24-at-10.43.54-768x574.jpeg 768w, https:\/\/www.confabitarevarese.org\/wp-content\/uploads\/2024\/05\/WhatsApp-Image-2024-04-24-at-10.43.54-1536x1149.jpeg 1536w, https:\/\/www.confabitarevarese.org\/wp-content\/uploads\/2024\/05\/WhatsApp-Image-2024-04-24-at-10.43.54-80x60.jpeg 80w, https:\/\/www.confabitarevarese.org\/wp-content\/uploads\/2024\/05\/WhatsApp-Image-2024-04-24-at-10.43.54.jpeg 2000w\" sizes=\"(max-width: 1020px) 100vw, 1020px\" \/>\t\t\t\t\t\t\t\t\t\t\t\t\t\t\t<\/div>\n\t\t\t\t<\/div>\n\t\t\t\t<div class=\"elementor-element elementor-element-45e4c45 elementor-widget elementor-widget-spacer\" data-id=\"45e4c45\" data-element_type=\"widget\" data-e-type=\"widget\" data-widget_type=\"spacer.default\">\n\t\t\t\t<div class=\"elementor-widget-container\">\n\t\t\t\t\t\t\t<div class=\"elementor-spacer\">\n\t\t\t<div class=\"elementor-spacer-inner\"><\/div>\n\t\t<\/div>\n\t\t\t\t\t\t<\/div>\n\t\t\t\t<\/div>\n\t\t\t\t\t<\/div>\n\t\t<\/div>\n\t\t\t\t\t<\/div>\n\t\t<\/section>\n\t\t\t\t<section class=\"elementor-section elementor-top-section elementor-element elementor-element-4332ae2 elementor-section-boxed elementor-section-height-default elementor-section-height-default\" data-id=\"4332ae2\" data-element_type=\"section\" data-e-type=\"section\">\n\t\t\t\t\t\t<div class=\"elementor-container elementor-column-gap-default\">\n\t\t\t\t\t<div class=\"elementor-column elementor-col-100 elementor-top-column elementor-element elementor-element-7df4bbb\" data-id=\"7df4bbb\" data-element_type=\"column\" data-e-type=\"column\">\n\t\t\t<div class=\"elementor-widget-wrap elementor-element-populated\">\n\t\t\t\t\t\t<div class=\"elementor-element elementor-element-072a796 elementor-widget elementor-widget-text-editor\" data-id=\"072a796\" data-element_type=\"widget\" data-e-type=\"widget\" data-widget_type=\"text-editor.default\">\n\t\t\t\t<div class=\"elementor-widget-container\">\n\t\t\t\t\t\t\t\t\t<p class=\"MsoNormal\" style=\"text-align: justify;\"><span style=\"font-size: 18.0pt; line-height: 107%; mso-bidi-font-style: italic;\">Ha poi chiuso la presentazione della partnership <\/span><b><span style=\"font-size: 18.0pt; line-height: 107%;\">Luca Capodiferro, Vicepresidente Vicario di Confabitare Italia e Coordinatore dei Centri Studi nazionali<\/span><\/b><span style=\"font-size: 18.0pt; line-height: 107%; mso-bidi-font-weight: bold;\">, che ha dichiarato che <\/span><i><span style=\"font-size: 18.0pt; line-height: 107%;\">\u201cla firma della convenzione tra Gabetti Lab e Confabitare rappresenta solo la prima tappa di una collaborazione pi\u00f9 ampia e articolata, che potrebbe segnare una svolta significativa nella gestione dell&#8217;immobiliare in Italia, soprattutto per le realt\u00e0 di dimensioni medio-piccole e medio-grandi. Grazie a questa convenzione si potr\u00e0 offrire una gamma completa di servizi a un pubblico vasto, migliorando non solo la loro erogazione, ma anche la loro qualit\u00e0 ed efficacia, a livello locale e nazionale. La sinergia tra Confabitare e Gabetti Lab diventa quindi un punto di riferimento cruciale, soprattutto in un contesto di incertezza legislativa\u201d. \u00a0<\/span><\/i><\/p>\t\t\t\t\t\t\t\t<\/div>\n\t\t\t\t<\/div>\n\t\t\t\t\t<\/div>\n\t\t<\/div>\n\t\t\t\t\t<\/div>\n\t\t<\/section>\n\t\t\t\t<section class=\"elementor-section elementor-top-section elementor-element elementor-element-639ec8c elementor-section-boxed elementor-section-height-default elementor-section-height-default\" data-id=\"639ec8c\" data-element_type=\"section\" data-e-type=\"section\">\n\t\t\t\t\t\t<div class=\"elementor-container elementor-column-gap-default\">\n\t\t\t\t\t<div class=\"elementor-column elementor-col-100 elementor-top-column elementor-element elementor-element-b2926e2\" data-id=\"b2926e2\" data-element_type=\"column\" data-e-type=\"column\">\n\t\t\t<div class=\"elementor-widget-wrap elementor-element-populated\">\n\t\t\t\t\t\t<div class=\"elementor-element elementor-element-3470330 elementor-widget-divider--view-line elementor-widget elementor-widget-divider\" data-id=\"3470330\" data-element_type=\"widget\" data-e-type=\"widget\" data-widget_type=\"divider.default\">\n\t\t\t\t<div class=\"elementor-widget-container\">\n\t\t\t\t\t\t\t<div class=\"elementor-divider\">\n\t\t\t<span class=\"elementor-divider-separator\">\n\t\t\t\t\t\t<\/span>\n\t\t<\/div>\n\t\t\t\t\t\t<\/div>\n\t\t\t\t<\/div>\n\t\t\t\t\t<\/div>\n\t\t<\/div>\n\t\t\t\t\t<\/div>\n\t\t<\/section>\n\t\t\t\t<section class=\"elementor-section elementor-top-section elementor-element elementor-element-4b29300 elementor-section-boxed elementor-section-height-default elementor-section-height-default\" data-id=\"4b29300\" data-element_type=\"section\" data-e-type=\"section\">\n\t\t\t\t\t\t<div class=\"elementor-container elementor-column-gap-default\">\n\t\t\t\t\t<div class=\"elementor-column elementor-col-100 elementor-top-column elementor-element elementor-element-0fb7da7\" data-id=\"0fb7da7\" data-element_type=\"column\" data-e-type=\"column\">\n\t\t\t<div class=\"elementor-widget-wrap elementor-element-populated\">\n\t\t\t\t\t\t<div class=\"elementor-element elementor-element-d323705 elementor-widget elementor-widget-text-editor\" data-id=\"d323705\" data-element_type=\"widget\" data-e-type=\"widget\" data-widget_type=\"text-editor.default\">\n\t\t\t\t<div class=\"elementor-widget-container\">\n\t\t\t\t\t\t\t\t\t<p style=\"text-align: center;\" align=\"center\"><b><span style=\"font-size: 14.0pt; line-height: 107%; color: red; mso-bidi-font-style: italic;\">ANCORA UNA VOLTA CONFABITARE VARESE \u00c8 AL FIANCO DEI PROPRIETARI IMMOBILIARI A TUTELA DEL BENE PIU\u2019 PREZIOSO PER LE FAMIGLIE ITALIANE, LA CASA!<\/span><\/b><\/p><p style=\"text-align: center;\" align=\"center\"><b><span style=\"font-size: 14.0pt; line-height: 107%; color: #002060; mso-bidi-font-style: italic;\">CONTINUATE A SEGUIRCI<\/span><\/b><\/p>\t\t\t\t\t\t\t\t<\/div>\n\t\t\t\t<\/div>\n\t\t\t\t\t<\/div>\n\t\t<\/div>\n\t\t\t\t\t<\/div>\n\t\t<\/section>\n\t\t\t\t<\/div>\n\t\t","protected":false},"excerpt":{"rendered":"<p>CONFABITARE SIGLA UN\u2019IMPORTANTE PARTNERSHIP CON GABETTI LAB INSIEME PER RIQUALIFICARE E RENDERE PIU\u2019 SOSTENIBILE LE CASE DEGLI ITALIANI \u201cLa casa al centro come leva cruciale della ripartenza del Paese\u201d Nasce, &hellip; <\/p>\n","protected":false},"author":1,"featured_media":0,"parent":0,"menu_order":0,"comment_status":"closed","ping_status":"closed","template":"","meta":{"footnotes":""},"class_list":["post-1224","page","type-page","status-publish","hentry","fadeIn","image-hover-transition-effect","latest_post"],"_links":{"self":[{"href":"https:\/\/www.confabitarevarese.org\/index.php\/wp-json\/wp\/v2\/pages\/1224","targetHints":{"allow":["GET"]}}],"collection":[{"href":"https:\/\/www.confabitarevarese.org\/index.php\/wp-json\/wp\/v2\/pages"}],"about":[{"href":"https:\/\/www.confabitarevarese.org\/index.php\/wp-json\/wp\/v2\/types\/page"}],"author":[{"embeddable":true,"href":"https:\/\/www.confabitarevarese.org\/index.php\/wp-json\/wp\/v2\/users\/1"}],"replies":[{"embeddable":true,"href":"https:\/\/www.confabitarevarese.org\/index.php\/wp-json\/wp\/v2\/comments?post=1224"}],"version-history":[{"count":3,"href":"https:\/\/www.confabitarevarese.org\/index.php\/wp-json\/wp\/v2\/pages\/1224\/revisions"}],"predecessor-version":[{"id":1231,"href":"https:\/\/www.confabitarevarese.org\/index.php\/wp-json\/wp\/v2\/pages\/1224\/revisions\/1231"}],"wp:attachment":[{"href":"https:\/\/www.confabitarevarese.org\/index.php\/wp-json\/wp\/v2\/media?parent=1224"}],"curies":[{"name":"wp","href":"https:\/\/api.w.org\/{rel}","templated":true}]}}